{"id":963,"date":"2024-11-14T06:55:01","date_gmt":"2024-11-14T06:55:01","guid":{"rendered":"https:\/\/cie-zeitsprung.ch\/de\/?page_id=963"},"modified":"2024-11-14T06:55:19","modified_gmt":"2024-11-14T06:55:19","slug":"en-route","status":"publish","type":"page","link":"https:\/\/cie-zeitsprung.ch\/de\/en-route\/","title":{"rendered":"EN ROUTE!"},"content":{"rendered":"<p>[vc_row][vc_column][vc_video link=&#8221;https:\/\/www.youtube.com\/watch?v=F6-wgNyKn0s&amp;t=5s&#8221; align=&#8221;center&#8221;][\/vc_column][\/vc_row][vc_row full_width=&#8221;stretch_row&#8221; el_class=&#8221;wild-einfach&#8221; el_id=&#8221;wild-einfach&#8221;][vc_column][vc_column_text]EN ROUTE!\u202f Drei Seelen kommen auf der\u202fB\u00fchne zusammen, als w\u00e4ren sie aus einer Strassenecke in einer entfernten Stadt heran gezoomt worden. Sind sie Echo der Vergangenheit oder Visionen der Zukunft? Die Grenze verschwimmt, w\u00e4hrend sie ein r\u00e4tselhaftes Geflecht zwischen Realit\u00e4t und Illusion weben. Unbestreitbar ist ihre magnetische Verbindung, die die Fesseln der Zeit \u00fcberwindet. Ihr Tanz durchzieht die Zeitalter, eine Symphonie aus Bewegung, Video und Musik.\u202fBegleiten Sie uns auf eine Reise, auf der die Faszination der Bewegung und die Magie der Musik Priorit\u00e4t haben.<\/p>\n<p>EN ROUTE! Ist eine Tanzproduktion f\u00fcr ein junges Publikum ab 6; ein St\u00fcck f\u00fcr Familien Schulklassen und Erwachsene. Unsere Erfahrungen w\u00e4hrend unserer ersten Vorstellungsserie in La Chaux-de-Fonds hat gezeigt, dass wir auch noch j\u00fcngere Kinder in Begleitung Erwachsener und auch Kinder und Familien mit anderem, uns eher fernerem kulturellen Hintergrund, die zum ersten mal \u00fcberhaupt in ein Theater kamen, begeistern k\u00f6nnen.<\/p>\n<h3>Kredits:<\/h3>\n<p><strong>Konzept, Choreografie und Tanz:<\/strong> Kilian Haselbeck, Meret Schlegel, Andrea Beugger<br \/>\n<strong>Musik:<\/strong> Thomas Jeker<br \/>\n<strong>Video:<\/strong> Bartek Sozanski<br \/>\n<strong>Oeil ext\u00e9rieur:<\/strong> Andreas Storm<br \/>\n<strong>Licht, Technik:<\/strong> Anutoshen M. H\u00fcer<br \/>\n<strong>Produktion:<\/strong> Simon Fleury<br \/>\n<strong>Unterst\u00fctzt durch:<\/strong> Loterie Romande, Ernst G\u00f6hner Stiftung, Fondation Stanley Thomas Johnson, Elisabeth Weber Stiftung, Migros Kulturprozent, Oertli Stiftung, Ville de la Chaux-de-Fonds, J\u00fcrg George B\u00fcrki-Stiftung.<br \/>\n<strong>Produktion:<\/strong> zeitSprung, Simon Fleury<br \/>\n<strong>Koproduktion:<\/strong> Centre de culture ABC, ADN \u2013 Danse Neuch\u00e2tel[\/vc_column_text][vc_row_inner el_class=&#8221;gallery-inner&#8221;][vc_column_inner][vc_gallery type=&#8221;image_grid&#8221; images=&#8221;964,965,966,967,968,969,970,971,972,973,974,975&#8243; img_size=&#8221;227&#215;151&#8243;][\/vc_column_inner][\/vc_row_inner][\/vc_column][\/vc_row][vc_row disable_element=&#8221;yes&#8221;][vc_column][vc_row_inner][vc_column_inner width=&#8221;1\/4&#8243;][vc_single_image image=&#8221;706&#8243; img_size=&#8221;350&#215;233&#8243; alignment=&#8221;center&#8221; onclick=&#8221;link_image&#8221; css=&#8221;.vc_custom_1625747118057{margin-bottom: 0px !important;}&#8221;][\/vc_column_inner][vc_column_inner width=&#8221;1\/4&#8243;][vc_single_image image=&#8221;705&#8243; img_size=&#8221;350&#215;233&#8243; alignment=&#8221;center&#8221; onclick=&#8221;link_image&#8221; css=&#8221;.vc_custom_1625747126368{margin-bottom: 0px !important;}&#8221;][\/vc_column_inner][vc_column_inner width=&#8221;1\/4&#8243;][vc_single_image image=&#8221;704&#8243; img_size=&#8221;350&#215;233&#8243; alignment=&#8221;center&#8221; onclick=&#8221;link_image&#8221; css=&#8221;.vc_custom_1625747134464{margin-bottom: 0px !important;}&#8221;][\/vc_column_inner][vc_column_inner width=&#8221;1\/4&#8243;][vc_single_image image=&#8221;703&#8243; img_size=&#8221;350&#215;233&#8243; alignment=&#8221;center&#8221; onclick=&#8221;link_image&#8221; css=&#8221;.vc_custom_1625747142329{margin-bottom: 0px !important;}&#8221;][\/vc_column_inner][\/vc_row_inner][vc_row_inner][vc_column_inner width=&#8221;1\/4&#8243;][vc_single_image image=&#8221;702&#8243; img_size=&#8221;350&#215;233&#8243; alignment=&#8221;center&#8221; onclick=&#8221;link_image&#8221; css=&#8221;.vc_custom_1625747151457{margin-bottom: 0px !important;}&#8221;][\/vc_column_inner][vc_column_inner width=&#8221;1\/4&#8243;][vc_single_image image=&#8221;701&#8243; img_size=&#8221;350&#215;233&#8243; alignment=&#8221;center&#8221; onclick=&#8221;link_image&#8221; css=&#8221;.vc_custom_1625747158688{margin-bottom: 0px !important;}&#8221;][\/vc_column_inner][vc_column_inner width=&#8221;1\/4&#8243;][vc_single_image image=&#8221;700&#8243; img_size=&#8221;350&#215;233&#8243; alignment=&#8221;center&#8221; onclick=&#8221;link_image&#8221; css=&#8221;.vc_custom_1625747165855{margin-bottom: 0px !important;}&#8221;][\/vc_column_inner][vc_column_inner width=&#8221;1\/4&#8243;][vc_single_image image=&#8221;699&#8243; img_size=&#8221;350&#215;233&#8243; alignment=&#8221;center&#8221; onclick=&#8221;link_image&#8221; css=&#8221;.vc_custom_1625747178304{margin-bottom: 0px !important;}&#8221;][\/vc_column_inner][\/vc_row_inner][vc_row_inner][vc_column_inner width=&#8221;1\/4&#8243;][vc_single_image image=&#8221;698&#8243; img_size=&#8221;350&#215;233&#8243; alignment=&#8221;center&#8221; onclick=&#8221;link_image&#8221; css=&#8221;.vc_custom_1625747187031{margin-bottom: 0px !important;}&#8221;][\/vc_column_inner][vc_column_inner width=&#8221;1\/4&#8243;][vc_single_image image=&#8221;697&#8243; img_size=&#8221;350&#215;233&#8243; alignment=&#8221;center&#8221; onclick=&#8221;link_image&#8221; css=&#8221;.vc_custom_1625747193990{margin-bottom: 0px !important;}&#8221;][\/vc_column_inner][vc_column_inner width=&#8221;1\/4&#8243;][vc_single_image image=&#8221;696&#8243; img_size=&#8221;350&#215;233&#8243; alignment=&#8221;center&#8221; onclick=&#8221;link_image&#8221; css=&#8221;.vc_custom_1625747201520{margin-bottom: 0px !important;}&#8221;][\/vc_column_inner][vc_column_inner width=&#8221;1\/4&#8243;][vc_single_image image=&#8221;695&#8243; img_size=&#8221;350&#215;233&#8243; alignment=&#8221;center&#8221; onclick=&#8221;link_image&#8221; css=&#8221;.vc_custom_1625747210312{margin-bottom: 0px !important;}&#8221;][\/vc_column_inner][\/vc_row_inner][vc_row_inner][vc_column_inner width=&#8221;1\/4&#8243;][vc_single_image image=&#8221;694&#8243; img_size=&#8221;350&#215;233&#8243; alignment=&#8221;center&#8221; onclick=&#8221;link_image&#8221; css=&#8221;.vc_custom_1625747234634{margin-bottom: 0px !important;}&#8221;][\/vc_column_inner][vc_column_inner width=&#8221;1\/4&#8243;][vc_single_image image=&#8221;693&#8243; img_size=&#8221;350&#215;233&#8243; alignment=&#8221;center&#8221; onclick=&#8221;link_image&#8221; css=&#8221;.vc_custom_1625747241719{margin-bottom: 0px !important;}&#8221;][\/vc_column_inner][vc_column_inner width=&#8221;1\/4&#8243;][vc_single_image image=&#8221;692&#8243; img_size=&#8221;350&#215;233&#8243; alignment=&#8221;center&#8221; onclick=&#8221;link_image&#8221; css=&#8221;.vc_custom_1625747248912{margin-bottom: 0px !important;}&#8221;][\/vc_column_inner][vc_column_inner width=&#8221;1\/4&#8243;][vc_single_image image=&#8221;691&#8243; img_size=&#8221;350&#215;233&#8243; alignment=&#8221;center&#8221; onclick=&#8221;link_image&#8221; css=&#8221;.vc_custom_1625747255792{margin-bottom: 0px !important;}&#8221;][\/vc_column_inner][\/vc_row_inner][vc_row_inner][vc_column_inner width=&#8221;1\/4&#8243;][vc_single_image image=&#8221;690&#8243; img_size=&#8221;350&#215;233&#8243; alignment=&#8221;center&#8221; onclick=&#8221;link_image&#8221; css=&#8221;.vc_custom_1625747263840{margin-bottom: 0px !important;}&#8221;][\/vc_column_inner][vc_column_inner width=&#8221;1\/4&#8243;][vc_single_image image=&#8221;689&#8243; img_size=&#8221;350&#215;233&#8243; alignment=&#8221;center&#8221; onclick=&#8221;link_image&#8221; css=&#8221;.vc_custom_1625747270944{margin-bottom: 0px !important;}&#8221;][\/vc_column_inner][vc_column_inner width=&#8221;1\/4&#8243;][vc_single_image image=&#8221;688&#8243; img_size=&#8221;350&#215;233&#8243; alignment=&#8221;center&#8221; onclick=&#8221;link_image&#8221; css=&#8221;.vc_custom_1625747278711{margin-bottom: 0px !important;}&#8221;][\/vc_column_inner][vc_column_inner width=&#8221;1\/4&#8243;][vc_single_image image=&#8221;686&#8243; img_size=&#8221;350&#215;233&#8243; alignment=&#8221;center&#8221; onclick=&#8221;link_image&#8221; css=&#8221;.vc_custom_1625747285560{margin-bottom: 0px !important;}&#8221;][\/vc_column_inner][\/vc_row_inner][\/vc_column][\/vc_row]<\/p>\n","protected":false},"excerpt":{"rendered":"<p>[vc_row][vc_column][vc_video link=&#8221;https:\/\/www.youtube.com\/watch?v=F6-wgNyKn0s&amp;t=5s&#8221; align=&#8221;center&#8221;][\/vc_column][\/vc_row][vc_row full_width=&#8221;stretch_row&#8221; el_class=&#8221;wild-einfach&#8221; el_id=&#8221;wild-einfach&#8221;][vc_column][vc_column_text]EN ROUTE!\u202f Drei Seelen kommen auf der\u202fB\u00fchne zusammen, als w\u00e4ren sie aus einer Strassenecke in einer entfernten Stadt heran gezoomt worden.<span class=\"excerpt-hellip\"> [\u2026]<\/span><\/p>\n","protected":false},"author":1,"featured_media":0,"parent":0,"menu_order":0,"comment_status":"closed","ping_status":"closed","template":"","meta":[],"_links":{"self":[{"href":"https:\/\/cie-zeitsprung.ch\/de\/wp-json\/wp\/v2\/pages\/963"}],"collection":[{"href":"https:\/\/cie-zeitsprung.ch\/de\/wp-json\/wp\/v2\/pages"}],"about":[{"href":"https:\/\/cie-zeitsprung.ch\/de\/wp-json\/wp\/v2\/types\/page"}],"author":[{"embeddable":true,"href":"https:\/\/cie-zeitsprung.ch\/de\/wp-json\/wp\/v2\/users\/1"}],"replies":[{"embeddable":true,"href":"https:\/\/cie-zeitsprung.ch\/de\/wp-json\/wp\/v2\/comments?post=963"}],"version-history":[{"count":1,"href":"https:\/\/cie-zeitsprung.ch\/de\/wp-json\/wp\/v2\/pages\/963\/revisions"}],"predecessor-version":[{"id":976,"href":"https:\/\/cie-zeitsprung.ch\/de\/wp-json\/wp\/v2\/pages\/963\/revisions\/976"}],"wp:attachment":[{"href":"https:\/\/cie-zeitsprung.ch\/de\/wp-json\/wp\/v2\/media?parent=963"}],"curies":[{"name":"wp","href":"https:\/\/api.w.org\/{rel}","templated":true}]}}