{"id":96,"date":"2018-06-07T02:56:16","date_gmt":"2018-06-07T02:56:16","guid":{"rendered":"https:\/\/cie-zeitsprung.ch\/?page_id=96"},"modified":"2022-04-25T06:27:51","modified_gmt":"2022-04-25T06:27:51","slug":"artists","status":"publish","type":"page","link":"https:\/\/cie-zeitsprung.ch\/de\/artists\/","title":{"rendered":"K\u00fcnstler"},"content":{"rendered":"<p>[vc_row full_width=&#8221;stretch_row&#8221; content_placement=&#8221;middle&#8221; el_id=&#8221;row-one&#8221;][vc_column width=&#8221;9\/12&#8243;][vc_custom_heading text=&#8221;Kilian Haselbeck&#8221; use_theme_fonts=&#8221;yes&#8221;][vc_column_text]<\/p>\n<p style=\"text-align: justify;\">kam \u00fcber Hip Hop und Ballett zum zeitgen\u00f6ssischen Tanz und schloss 2008 seine Ausbildung in Contemporary Dance bei Codarts Rotterdam ab. Seither ist er als freischaffender T\u00e4nzer und Choreograf international t\u00e4tig zB in Shanghai f\u00fcr die Expo, in New York mit Les Ballets du Monde, Voeistof NL, Bregenzer Festspiele etc.\u00a0In der Schweiz hat er ua mit folgenden Choreografen gearbeitet: Philipe Saire, Oona Project, Philip Amann, Simone Truong, Mischa K\u00e4ser, Tim Fletcher, Mirjam Neidhart. 2014 erhielt Kilian den Anerkennungspreis Tanz der Stadt Z\u00fcrich.<\/p>\n<p>[\/vc_column_text][\/vc_column][vc_column width=&#8221;3\/12&#8243; css=&#8221;.vc_custom_1528343462703{margin-top: 50px !important;}&#8221;][vc_single_image image=&#8221;102&#8243; img_size=&#8221;full&#8221;][\/vc_column][\/vc_row][vc_row content_placement=&#8221;middle&#8221; el_id=&#8221;row-two&#8221;][vc_column width=&#8221;3\/12&#8243;][vc_single_image image=&#8221;103&#8243; img_size=&#8221;full&#8221;][\/vc_column][vc_column width=&#8221;9\/12&#8243;][vc_custom_heading text=&#8221;Meret Schlegel&#8221; use_theme_fonts=&#8221;yes&#8221;][vc_column_text]<\/p>\n<p style=\"text-align: justify;\">engagiert sich seit langem auf und hinter den B\u00fchnen verschiedenster Kulturinstitutionen in Z\u00fcrich. Nach ihrer Ausbildung zur T\u00e4nzerin und Tanzp\u00e4dagogin arbeitete sie als Performerin und T\u00e4nzerin mit K\u00fcnstlerInnen anderer Sparten zusammen in den USA und in Europa.<\/p>\n<p style=\"text-align: justify;\">Von 2000-2011 war sie k\u00fcnstlerische Leiterin des Tanzhaus Z\u00fcrich. Mit Abschluss dieser T\u00e4tigkeit ist sie als T\u00e4nzerin und Performerin auf die B\u00fchne zur\u00fcckgekehrt sowohl mit eigenen St\u00fccken als auch als Performerin in anderen Projekten. Von der Stadt Z\u00fcrich bekam sie 2013 den Anerkennungspreis Tanz und 2014 das Tanz-Atelierstipendium in San Francisco.<\/p>\n<p>[\/vc_column_text][\/vc_column][\/vc_row][vc_row content_placement=&#8221;middle&#8221; el_id=&#8221;row-three&#8221;][vc_column width=&#8221;9\/12&#8243;][vc_custom_heading text=&#8221;Manel Salas Palau&#8221; use_theme_fonts=&#8221;yes&#8221;][vc_column_text]<\/p>\n<p style=\"text-align: justify;\">aus Barcelona begann seine Karriere mit Hip Hop und Physical Education. Als T\u00e4nzer, Choreograf und Lehrer arbeitete er bereits in verschiedensten Bereichen und kreierte eigene St\u00fccke vor seiner Ausbildung als zeitgen\u00f6ssischer T\u00e4nzer bei Codarts, Rotterdam Dance Conservatory. Seither ist er als T\u00e4nzer mit verschiedenen Gruppen und Projekten in Europa und weltweit auf Tourneen.<\/p>\n<p style=\"text-align: justify;\">Unter anderem mit David Zambrano, Editta Braun, Angels Margarit &#8211; Mudances cie, Arno Schuitemaker, Cobosmika company, Ramon Oller &#8211; Metros cia, Jens Biedermann, Vloeistof, Cie Prototype Status Vevey &#8211; Jasmine Morand, Color company etc.<\/p>\n<p>[\/vc_column_text][\/vc_column][vc_column width=&#8221;3\/12&#8243; css=&#8221;.vc_custom_1528343023182{margin-top: 70px !important;}&#8221;][vc_single_image image=&#8221;106&#8243; img_size=&#8221;full&#8221;][\/vc_column][\/vc_row][vc_row content_placement=&#8221;middle&#8221; el_id=&#8221;row-four&#8221;][vc_column width=&#8221;3\/12&#8243;][vc_single_image image=&#8221;109&#8243; img_size=&#8221;full&#8221;][\/vc_column][vc_column width=&#8221;9\/12&#8243;][vc_custom_heading text=&#8221;Kuan-Ling Tsai&#8221; use_theme_fonts=&#8221;yes&#8221;][vc_column_text]<\/p>\n<p style=\"text-align: justify;\">Taiwan, begann 2005 ihre professionale Karriere nach ihrer Ausbildung an der Taipei National University of the Arts. Mit Ku and Dancers and Taipei Crossover Dance Company kreierte sie zwei St\u00fccke und tourte international bevor sie 2008 von Philipp Egli f\u00fcr die Tankompanie Theater St. Gallen engagiert wurde. Sie hat mit verschiedenen Choreografen und Compagnies gearbeitet; ua mit Ku and Dancers, Taipei Crossover Dance Company, Tanzkompanie Theater St. Gallen, Cie zeitSprung, Philipp Egli, Jens Biedermann, Nick Hobbs, Stijn Celis, Ivgi &amp; Greben, Eva Karczag, Danielle F\u00fcglistaller etc. Seither lebt und arbeitet sie zwischen der Schweiz, Asien und USA, wo sie eigene Arbeiten zeigt und mit verschiedenen Compagnies tanzt.<\/p>\n<p>[\/vc_column_text][\/vc_column][\/vc_row][vc_row content_placement=&#8221;middle&#8221; el_id=&#8221;row-five&#8221; css=&#8221;.vc_custom_1528343581762{margin-top: 25px !important;}&#8221;][vc_column width=&#8221;9\/12&#8243;][vc_custom_heading text=&#8221;Nello Novela&#8221; use_theme_fonts=&#8221;yes&#8221;][vc_column_text]<\/p>\n<p style=\"text-align: justify;\">lebt in Br\u00fcssel und studierte Gitarre und Gesang am Rotterdamer Konservatorium f\u00fcr Musik und Tanz (Codarts) Er hat eine lange und erfolgreiche Musikkarriere hinter sich, seine Musik spielt er an renommierten Austragungsorten wie dem North Sea Jazz, dem Ancienne Belgique und dem Nelson Mandela Civic Theater. Nello spielt und komponiert f\u00fcr die Band Neco Novellas. Geboren in Mozambique ist er bereits seit fr\u00fchen Lebensjahren mit traditioneller Musik und Tanz vertraut. Sein Sound ist ein Mix aus seinen musikalischen Wurzeln und westlichen Einfl\u00fcssen. Nello ist mehr als ein Musiker und Komponist. Sein Interesse liegt nicht nur in der musikalischen Performance sondern auch in der t\u00e4nzerischen Umsetzung seiner Musik.<\/p>\n<p>[\/vc_column_text][\/vc_column][vc_column width=&#8221;3\/12&#8243; css=&#8221;.vc_custom_1528343636217{margin-top: 35px !important;}&#8221;][vc_single_image image=&#8221;112&#8243; img_size=&#8221;full&#8221;][\/vc_column][\/vc_row][vc_row el_id=&#8221;row-six&#8221;][vc_column][vc_custom_heading text=&#8221;Andreas Storm&#8221; use_theme_fonts=&#8221;yes&#8221;][vc_column_text]urspr\u00fcnglich aus Bremen kam 1992 nach Z\u00fcrich und besuchte dort die heutige Hochschule der K\u00fcnste Z\u00fcrich, damalige Schauspielakademie. Nach einigen Jahren in Karlsruhe und Hamburg lebt und arbeitet er seit 1999 wieder in Z\u00fcrich als Regisseur, Schauspieler und Dramaturg. Zu seinen Arbeitsst\u00e4tten geh\u00f6ren u.a. Theaterhaus Gessnerallee, Theater Basel, Theater Luzern, Theater Kanton Z\u00fcrich Winterthur, Fabriktheater Rote Fabrik, Theater Biel-Solothurn. Dramaturgische Zusammenarbeit u.a. mit Anna Huber, Tim Zulauf, Simon Froehling. Letzte Zusammenarbeit mit Meret Schlegel und Kilian Haselbeck bei dem Schaufensterprojekt \u201eSilent Disco\u201c, Z\u00fcrich tanzt 2014.[\/vc_column_text][\/vc_column][\/vc_row]<\/p>\n","protected":false},"excerpt":{"rendered":"<p>[vc_row full_width=&#8221;stretch_row&#8221; content_placement=&#8221;middle&#8221; el_id=&#8221;row-one&#8221;][vc_column width=&#8221;9\/12&#8243;][vc_custom_heading text=&#8221;Kilian Haselbeck&#8221; use_theme_fonts=&#8221;yes&#8221;][vc_column_text] kam \u00fcber Hip Hop und Ballett zum zeitgen\u00f6ssischen Tanz und schloss 2008 seine Ausbildung in Contemporary Dance bei<span class=\"excerpt-hellip\"> [\u2026]<\/span><\/p>\n","protected":false},"author":1,"featured_media":0,"parent":0,"menu_order":0,"comment_status":"closed","ping_status":"closed","template":"","meta":[],"_links":{"self":[{"href":"https:\/\/cie-zeitsprung.ch\/de\/wp-json\/wp\/v2\/pages\/96"}],"collection":[{"href":"https:\/\/cie-zeitsprung.ch\/de\/wp-json\/wp\/v2\/pages"}],"about":[{"href":"https:\/\/cie-zeitsprung.ch\/de\/wp-json\/wp\/v2\/types\/page"}],"author":[{"embeddable":true,"href":"https:\/\/cie-zeitsprung.ch\/de\/wp-json\/wp\/v2\/users\/1"}],"replies":[{"embeddable":true,"href":"https:\/\/cie-zeitsprung.ch\/de\/wp-json\/wp\/v2\/comments?post=96"}],"version-history":[{"count":7,"href":"https:\/\/cie-zeitsprung.ch\/de\/wp-json\/wp\/v2\/pages\/96\/revisions"}],"predecessor-version":[{"id":804,"href":"https:\/\/cie-zeitsprung.ch\/de\/wp-json\/wp\/v2\/pages\/96\/revisions\/804"}],"wp:attachment":[{"href":"https:\/\/cie-zeitsprung.ch\/de\/wp-json\/wp\/v2\/media?parent=96"}],"curies":[{"name":"wp","href":"https:\/\/api.w.org\/{rel}","templated":true}]}}