{"id":918,"date":"2023-05-30T09:56:36","date_gmt":"2023-05-30T09:56:36","guid":{"rendered":"https:\/\/cie-zeitsprung.ch\/de\/?page_id=918"},"modified":"2023-06-12T06:38:28","modified_gmt":"2023-06-12T06:38:28","slug":"jukebox-dancer","status":"publish","type":"page","link":"https:\/\/cie-zeitsprung.ch\/de\/jukebox-dancer\/","title":{"rendered":"Jukebox Dancer"},"content":{"rendered":"<p>[vc_row full_width=&#8221;stretch_row&#8221; el_class=&#8221;wild-einfach&#8221; el_id=&#8221;wild-einfach&#8221;][vc_column][vc_column_text]In JUKEBOX DANCER stellt Kilian Haselbeck Labels und Kategorisierung in Frage und erkundet seinen Wunsch, mehr als nur ein Ausdruck seiner selbst zu sein. Das Publikum ist eingeladen, durch Knopfdruck aus verschiedenen Kurzauftritten zu w\u00e4hlen: von der Disco-Queen zum Rockstar, vom Stripper:in zum Kindheitsidol und vom Improvisationsk\u00fcnstler zum virtuosen Ballettt\u00e4nzer. In einem Glaskasten gefangen, unterh\u00e4lt Kilian das Publikum mit mundgerechten Tanz-H\u00e4ppchen und geht ganz auf in seiner Rolle als Entertainer. Das Solo kritisiert einfache Kategorisierung und Konsumdenken und feiert gleichzeitig das bunte Dasein und die endlose Kreativit\u00e4t der Menschheit.<\/p>\n<p>Idee, Choreografie, Tanz: Kilian Haselbeck<\/p>\n<p>Dramaturgie: Charlotte Mathiessen<\/p>\n<p>Oeil ext\u00e9rieur: Meret Schlegel<\/p>\n<p>B\u00fchnenkonzept: Kilian Haselbeck, Planung und Umsetzung: Anton Lukas, Karl Dietrich, Joel T. Winter<\/p>\n<p>Technik: Claudio Bagno<\/p>\n<p>Koproduktion: Z\u00dcRICH TANZT<\/p>\n<p>Gef\u00f6rdert durch Kulturraum Schaffhausen, Schweizerische Interpreten Stiftung, Ernst G\u00f6hner Stiftung, Migros Kulturprozent[\/vc_column_text][vc_row_inner el_class=&#8221;gallery-inner&#8221;][vc_column_inner][vc_gallery type=&#8221;image_grid&#8221; images=&#8221;919,920,921,922,923,924,925,926,927,928,929,930,931,932,933,934,935&#8243; img_size=&#8221;227&#215;151&#8243;][\/vc_column_inner][\/vc_row_inner][\/vc_column][\/vc_row][vc_row][vc_column][vc_video link=&#8221;https:\/\/www.youtube.com\/watch?v=r_vtaz2f_ms&#8221; align=&#8221;center&#8221;][\/vc_column][\/vc_row][vc_row disable_element=&#8221;yes&#8221;][vc_column][vc_row_inner][vc_column_inner width=&#8221;1\/4&#8243;][vc_single_image image=&#8221;666&#8243; img_size=&#8221;290&#215;200&#8243; alignment=&#8221;center&#8221; onclick=&#8221;link_image&#8221; css=&#8221;.vc_custom_1625724839583{margin-bottom: 0px !important;}&#8221;][\/vc_column_inner][vc_column_inner width=&#8221;1\/4&#8243;][vc_single_image image=&#8221;667&#8243; img_size=&#8221;290&#215;200&#8243; alignment=&#8221;center&#8221; onclick=&#8221;link_image&#8221; css=&#8221;.vc_custom_1625724849603{margin-bottom: 0px !important;}&#8221;][\/vc_column_inner][vc_column_inner width=&#8221;1\/4&#8243;][vc_single_image image=&#8221;668&#8243; img_size=&#8221;290&#215;200&#8243; alignment=&#8221;center&#8221; onclick=&#8221;link_image&#8221; css=&#8221;.vc_custom_1625724856758{margin-bottom: 0px !important;}&#8221;][\/vc_column_inner][vc_column_inner width=&#8221;1\/4&#8243;][vc_single_image image=&#8221;669&#8243; img_size=&#8221;290&#215;200&#8243; alignment=&#8221;center&#8221; onclick=&#8221;link_image&#8221; css=&#8221;.vc_custom_1625724866398{margin-bottom: 0px !important;}&#8221;][\/vc_column_inner][\/vc_row_inner][vc_row_inner][vc_column_inner width=&#8221;1\/4&#8243;][vc_single_image image=&#8221;670&#8243; img_size=&#8221;290&#215;200&#8243; alignment=&#8221;center&#8221; onclick=&#8221;link_image&#8221; css=&#8221;.vc_custom_1625724878525{margin-bottom: 0px !important;}&#8221;][\/vc_column_inner][vc_column_inner width=&#8221;1\/4&#8243;][vc_single_image image=&#8221;671&#8243; img_size=&#8221;290&#215;200&#8243; alignment=&#8221;center&#8221; onclick=&#8221;link_image&#8221; css=&#8221;.vc_custom_1625724886510{margin-bottom: 0px !important;}&#8221;][\/vc_column_inner][vc_column_inner width=&#8221;1\/4&#8243;][vc_single_image image=&#8221;672&#8243; img_size=&#8221;290&#215;200&#8243; alignment=&#8221;center&#8221; onclick=&#8221;link_image&#8221; css=&#8221;.vc_custom_1625724894143{margin-bottom: 0px !important;}&#8221;][\/vc_column_inner][vc_column_inner width=&#8221;1\/4&#8243;][vc_single_image image=&#8221;673&#8243; img_size=&#8221;290&#215;200&#8243; alignment=&#8221;center&#8221; onclick=&#8221;link_image&#8221; css=&#8221;.vc_custom_1625724902126{margin-bottom: 0px !important;}&#8221;][\/vc_column_inner][\/vc_row_inner][vc_row_inner][vc_column_inner width=&#8221;1\/4&#8243;][vc_single_image image=&#8221;674&#8243; img_size=&#8221;290&#215;200&#8243; alignment=&#8221;center&#8221; onclick=&#8221;link_image&#8221; css=&#8221;.vc_custom_1625724909822{margin-bottom: 0px !important;}&#8221;][\/vc_column_inner][vc_column_inner width=&#8221;1\/4&#8243;][vc_single_image image=&#8221;675&#8243; img_size=&#8221;290&#215;200&#8243; alignment=&#8221;center&#8221; onclick=&#8221;link_image&#8221; css=&#8221;.vc_custom_1625724916134{margin-bottom: 0px !important;}&#8221;][\/vc_column_inner][vc_column_inner width=&#8221;1\/4&#8243;][vc_single_image image=&#8221;676&#8243; img_size=&#8221;290&#215;200&#8243; alignment=&#8221;center&#8221; onclick=&#8221;link_image&#8221; css=&#8221;.vc_custom_1625724923358{margin-bottom: 0px !important;}&#8221;][\/vc_column_inner][vc_column_inner width=&#8221;1\/4&#8243;][\/vc_column_inner][\/vc_row_inner][\/vc_column][\/vc_row]<\/p>\n","protected":false},"excerpt":{"rendered":"<p>[vc_row full_width=&#8221;stretch_row&#8221; el_class=&#8221;wild-einfach&#8221; el_id=&#8221;wild-einfach&#8221;][vc_column][vc_column_text]In JUKEBOX DANCER stellt Kilian Haselbeck Labels und Kategorisierung in Frage und erkundet seinen Wunsch, mehr als nur ein Ausdruck seiner selbst zu<span class=\"excerpt-hellip\"> [\u2026]<\/span><\/p>\n","protected":false},"author":1,"featured_media":0,"parent":0,"menu_order":0,"comment_status":"closed","ping_status":"closed","template":"","meta":[],"_links":{"self":[{"href":"https:\/\/cie-zeitsprung.ch\/de\/wp-json\/wp\/v2\/pages\/918"}],"collection":[{"href":"https:\/\/cie-zeitsprung.ch\/de\/wp-json\/wp\/v2\/pages"}],"about":[{"href":"https:\/\/cie-zeitsprung.ch\/de\/wp-json\/wp\/v2\/types\/page"}],"author":[{"embeddable":true,"href":"https:\/\/cie-zeitsprung.ch\/de\/wp-json\/wp\/v2\/users\/1"}],"replies":[{"embeddable":true,"href":"https:\/\/cie-zeitsprung.ch\/de\/wp-json\/wp\/v2\/comments?post=918"}],"version-history":[{"count":2,"href":"https:\/\/cie-zeitsprung.ch\/de\/wp-json\/wp\/v2\/pages\/918\/revisions"}],"predecessor-version":[{"id":938,"href":"https:\/\/cie-zeitsprung.ch\/de\/wp-json\/wp\/v2\/pages\/918\/revisions\/938"}],"wp:attachment":[{"href":"https:\/\/cie-zeitsprung.ch\/de\/wp-json\/wp\/v2\/media?parent=918"}],"curies":[{"name":"wp","href":"https:\/\/api.w.org\/{rel}","templated":true}]}}