{"id":882,"date":"2023-03-25T10:12:29","date_gmt":"2023-03-25T10:12:29","guid":{"rendered":"https:\/\/cie-zeitsprung.ch\/de\/?page_id=882"},"modified":"2023-03-27T08:46:50","modified_gmt":"2023-03-27T08:46:50","slug":"10-years-zeitsprung","status":"publish","type":"page","link":"https:\/\/cie-zeitsprung.ch\/de\/10-years-zeitsprung\/","title":{"rendered":"10 Jahre zeitSprung"},"content":{"rendered":"<p>[vc_row full_width=&#8221;stretch_row&#8221; el_id=&#8221;east-project&#8221; el_class=&#8221;east-project&#8221;][vc_column css=&#8221;.vc_custom_1630994249422{padding-top: 0px !important;}&#8221;][vc_column_text css=&#8221;.vc_custom_1679745152245{margin-bottom: 15px !important;}&#8221;]Vor 10 Jahren wurde unser St\u00fcck &#8220;Orthop\u00e4die&#8221; im Tanzhaus Z\u00fcrich uraufgef\u00fchrt. Im Jahr 2015 erhielt es den Schweizer Tanzpreis. Wir haben es mehr als 60 Mal auf der ganzen Welt aufgef\u00fchrt. In den letzten Jahren sind viele weitere St\u00fccke und Projekte entstanden und wir haben immer noch keine Absichten, aufzuh\u00f6ren.<\/p>\n<p>Vielen Dank an alle, die uns in all diesen Jahren unterst\u00fctzt haben. Es war eine wundersch\u00f6ne Reise mit viel Schwei\u00df, fast unm\u00f6glichen Deadlines, Lachen, Tr\u00e4nen, Freundschaften auf der ganzen Welt und Erinnerungen, die f\u00fcr immer bei uns bleiben werden.<\/p>\n<p>Wir sehen uns bald wieder irgendwo dort drau\u00dfen! Viele Gr\u00fc\u00dfe von Meret und Kilian, zeitSprung[\/vc_column_text][vc_gallery type=&#8221;image_grid&#8221; images=&#8221;883,884,885,886,887,888,889,890,891,892,893,894,895,896,897,898,899,900,901,880&#8243; img_size=&#8221;300&#215;300&#8243;][\/vc_column][\/vc_row]<\/p>\n","protected":false},"excerpt":{"rendered":"<p>[vc_row full_width=&#8221;stretch_row&#8221; el_id=&#8221;east-project&#8221; el_class=&#8221;east-project&#8221;][vc_column css=&#8221;.vc_custom_1630994249422{padding-top: 0px !important;}&#8221;][vc_column_text css=&#8221;.vc_custom_1679745152245{margin-bottom: 15px !important;}&#8221;]Vor 10 Jahren wurde unser St\u00fcck &#8220;Orthop\u00e4die&#8221; im Tanzhaus Z\u00fcrich uraufgef\u00fchrt. Im Jahr 2015 erhielt es den<span class=\"excerpt-hellip\"> [\u2026]<\/span><\/p>\n","protected":false},"author":1,"featured_media":0,"parent":0,"menu_order":0,"comment_status":"closed","ping_status":"closed","template":"","meta":[],"_links":{"self":[{"href":"https:\/\/cie-zeitsprung.ch\/de\/wp-json\/wp\/v2\/pages\/882"}],"collection":[{"href":"https:\/\/cie-zeitsprung.ch\/de\/wp-json\/wp\/v2\/pages"}],"about":[{"href":"https:\/\/cie-zeitsprung.ch\/de\/wp-json\/wp\/v2\/types\/page"}],"author":[{"embeddable":true,"href":"https:\/\/cie-zeitsprung.ch\/de\/wp-json\/wp\/v2\/users\/1"}],"replies":[{"embeddable":true,"href":"https:\/\/cie-zeitsprung.ch\/de\/wp-json\/wp\/v2\/comments?post=882"}],"version-history":[{"count":3,"href":"https:\/\/cie-zeitsprung.ch\/de\/wp-json\/wp\/v2\/pages\/882\/revisions"}],"predecessor-version":[{"id":906,"href":"https:\/\/cie-zeitsprung.ch\/de\/wp-json\/wp\/v2\/pages\/882\/revisions\/906"}],"wp:attachment":[{"href":"https:\/\/cie-zeitsprung.ch\/de\/wp-json\/wp\/v2\/media?parent=882"}],"curies":[{"name":"wp","href":"https:\/\/api.w.org\/{rel}","templated":true}]}}