{"id":854,"date":"2023-01-17T07:36:14","date_gmt":"2023-01-17T07:36:14","guid":{"rendered":"https:\/\/cie-zeitsprung.ch\/de\/?page_id=854"},"modified":"2023-01-17T07:38:09","modified_gmt":"2023-01-17T07:38:09","slug":"wilderwald","status":"publish","type":"page","link":"https:\/\/cie-zeitsprung.ch\/de\/wilderwald\/","title":{"rendered":"Wilderwald"},"content":{"rendered":"<p>[vc_row full_width=&#8221;stretch_row&#8221; el_id=&#8221;east-project&#8221; el_class=&#8221;east-project&#8221;][vc_column css=&#8221;.vc_custom_1630994249422{padding-top: 0px !important;}&#8221;][vc_column_text css=&#8221;.vc_custom_1673940901972{margin-bottom: 15px !important;}&#8221;]<strong>\u00abWilderwald\u00bb<\/strong> ist ein Projekt des K\u00fcnstlerduos Christine B\u00e4nninger und Peti Wiskemann mit Klientinnen und Klienten sowie Fachpersonen in der Stiftung Weidli Stans. Die Projektidee des K\u00fcnstlerpaars ist die Schaffung von Verbindungen zwischen Menschen durch ein gemeinsames Kunstprojekt.<\/p>\n<p>Von Februar bis Dezember 2021 entsteht zusammen mit den Klientinnen und Klienten und dem Personal in der Stiftung Weidli Stans der \u00abWilderwald\u00bb. Altkarton in allen Gr\u00f6ssen und Formen wurde bemalt, in St\u00fccke geschnitten und installiert. So entstand in den vergangenen Monaten nach und nach ein dichtes Flechtwerk, das sich \u00fcber alle vier Stockwerke der Tagesst\u00e4tte ausbreitete.[\/vc_column_text][vc_gallery type=&#8221;image_grid&#8221; images=&#8221;852,851,850,849,848,847,846,845,844,843,842,841,840,839,838,837,836,835,834,833,832,831,830,829,828,827&#8243; img_size=&#8221;300&#215;300&#8243;][vc_column_text css=&#8221;.vc_custom_1673940924247{margin-bottom: 15px !important;}&#8221;]Zeitsprung mit Kilian Haselbeck, Meret Schlegel, Kuan-Ling Tsai, Manel Salas Palau, Nello Novela traten mit dem Kunstprojekt <strong>\u00abWilderwald\u00bb<\/strong> in einen Dialog. Interaktiv, mit Gitarre, Stimme und <strong>\u00abHuman Beatbox\u00bb<\/strong> wurde das Tanzereignis am 19. November, 2021 in den barrierefreien Zug\u00e4ngen der Tagesst\u00e4tte der Stiftung Weildi Stans zu einem Gesamtkulturerlebnis der besonderen Art.[\/vc_column_text][\/vc_column][\/vc_row][vc_row][vc_column width=&#8221;1\/2&#8243;][vc_video link=&#8221;https:\/\/www.youtube.com\/watch?v=p3fsyx6UqBc&#8221; align=&#8221;center&#8221; el_class=&#8221;v-one&#8221;][\/vc_column][vc_column width=&#8221;1\/2&#8243;][vc_video link=&#8221;https:\/\/www.youtube.com\/watch?v=4Bq_TZB5eoI&amp;list=PL8LVAgoqxMb4PWc1NxxpZhMdPbBikDgfn&amp;index=8&#8243; align=&#8221;center&#8221; el_class=&#8221;v-two&#8221;][\/vc_column][\/vc_row]<\/p>\n","protected":false},"excerpt":{"rendered":"<p>[vc_row full_width=&#8221;stretch_row&#8221; el_id=&#8221;east-project&#8221; el_class=&#8221;east-project&#8221;][vc_column css=&#8221;.vc_custom_1630994249422{padding-top: 0px !important;}&#8221;][vc_column_text css=&#8221;.vc_custom_1673940901972{margin-bottom: 15px !important;}&#8221;]\u00abWilderwald\u00bb ist ein Projekt des K\u00fcnstlerduos Christine B\u00e4nninger und Peti Wiskemann mit Klientinnen und Klienten sowie Fachpersonen<span class=\"excerpt-hellip\"> [\u2026]<\/span><\/p>\n","protected":false},"author":1,"featured_media":0,"parent":0,"menu_order":0,"comment_status":"closed","ping_status":"closed","template":"","meta":[],"_links":{"self":[{"href":"https:\/\/cie-zeitsprung.ch\/de\/wp-json\/wp\/v2\/pages\/854"}],"collection":[{"href":"https:\/\/cie-zeitsprung.ch\/de\/wp-json\/wp\/v2\/pages"}],"about":[{"href":"https:\/\/cie-zeitsprung.ch\/de\/wp-json\/wp\/v2\/types\/page"}],"author":[{"embeddable":true,"href":"https:\/\/cie-zeitsprung.ch\/de\/wp-json\/wp\/v2\/users\/1"}],"replies":[{"embeddable":true,"href":"https:\/\/cie-zeitsprung.ch\/de\/wp-json\/wp\/v2\/comments?post=854"}],"version-history":[{"count":3,"href":"https:\/\/cie-zeitsprung.ch\/de\/wp-json\/wp\/v2\/pages\/854\/revisions"}],"predecessor-version":[{"id":858,"href":"https:\/\/cie-zeitsprung.ch\/de\/wp-json\/wp\/v2\/pages\/854\/revisions\/858"}],"wp:attachment":[{"href":"https:\/\/cie-zeitsprung.ch\/de\/wp-json\/wp\/v2\/media?parent=854"}],"curies":[{"name":"wp","href":"https:\/\/api.w.org\/{rel}","templated":true}]}}