{"id":714,"date":"2021-09-07T06:00:44","date_gmt":"2021-09-07T06:00:44","guid":{"rendered":"https:\/\/cie-zeitsprung.ch\/de\/?page_id=714"},"modified":"2021-12-30T05:35:44","modified_gmt":"2021-12-30T05:35:44","slug":"artasfoundation","status":"publish","type":"page","link":"https:\/\/cie-zeitsprung.ch\/de\/artasfoundation\/","title":{"rendered":"Artasfoundation"},"content":{"rendered":"<p>[vc_row full_width=&#8221;stretch_row&#8221; el_id=&#8221;east-project&#8221; el_class=&#8221;east-project&#8221;][vc_column css=&#8221;.vc_custom_1630994249422{padding-top: 0px !important;}&#8221;][vc_custom_heading text=&#8221;Projekt in der Ostukraine&#8221; use_theme_fonts=&#8221;yes&#8221;][vc_column_text css=&#8221;.vc_custom_1631021693428{margin-bottom: 15px !important;}&#8221;]<\/p>\n<p style=\"text-align: justify;\">Dieses von <a href=\"http:\/\/www.artasfoundation.ch\" target=\"_blank\" rel=\"noopener\">artasfoundation<\/a> initiierte Projekt wird gemeinsam mit dem <a href=\"https:\/\/tanzlaboratorium.org\/\" target=\"_blank\" rel=\"noopener\">tanz laboratorium<\/a> Kiew durchgef\u00fchrt.<\/p>\n<p style=\"text-align: justify;\">Im Mai haben wir uns in Mariupol mit Angeh\u00f6rigen verschiedener Bev\u00f6lkerungsgruppen getroffen. Hier erlebten wir, wie der &#8220;sowjetische K\u00f6rper&#8221; im t\u00e4glichen Leben immer noch pr\u00e4sent ist und wie er an die n\u00e4chsten Generationen weitergegeben wird. Darum beschlossen wir dies zum Thema und Ausgangspunkt f\u00fcr unsere Recherche und unser Projekt zu nehmen. Diese soll schliesslich in eine k\u00fcnstlerische Pr\u00e4sentation m\u00fcnden. F\u00fcr uns beide als Aussenstehende der Sowjetunion, gab es starke Momente, in denen wir miterlebten, wie verschiedene Menschen sich nostalgisch an ihre Kindheit in der Sowjetunion erinnerten. Wir denken, dass diese Erinnerungen und Gef\u00fchle nicht an ein bestimmtes System gebunden sind. Sie spiegeln wohl eher eine Sehnsucht nach Zugeh\u00f6rigkeit zu einer Gemeinschaft mit ihren Traditionen, wie zusammen an einem Tisch zu sitzen, zu essen und zu singen. Mit diesen Bildern hat eine Frau ihre Nostalgie beschrieben.<\/p>\n<p>[\/vc_column_text][vc_gallery type=&#8221;image_grid&#8221; images=&#8221;751,752,753,754,755,756,757,758,759,760,761,762&#8243; img_size=&#8221;300&#215;300&#8243;][vc_custom_heading text=&#8221;Projekt mit Jugendlichen in Armenien&#8221; use_theme_fonts=&#8221;yes&#8221;][vc_column_text css=&#8221;.vc_custom_1631021688826{margin-bottom: 15px !important;}&#8221;]<\/p>\n<p style=\"text-align: justify;\">Statt im letzten Herbst konnten Meret und Kilian im Juni nach Armenien reisen und mit artasfoundations.ch ein weiteres sehr inspirierendes Projekt namens <strong>&#8220;Wishing Wishes&#8221;<\/strong> beginnen.<\/p>\n<p style=\"text-align: justify;\">F\u00fcr diesen ersten Workshop mit Kindern und Jugendlichen aus kleinen D\u00f6rfern der Konfliktregionen entlang der Grenze, wohnten wir eine Woche lang in Dilijan in den Bergen. Wir lebten und tanzten alle in einem Zentrum und unterrichteten zusammen mit vier einheimischen armenischen Tanzlehrern. Sie alle kennen viele armenische T\u00e4nze, lieben es aber auch zu Popmusik zu improvisieren und neue Choreografien zu lernen. F\u00fcr alle war es das erste Mal, dass sie ohne ihre Familien reisten und an einem Ort wohnten.<\/p>\n<p style=\"text-align: justify;\">Wir werden noch zwei weitere Male wiederkommen, um schliesslich ein St\u00fcck zu erarbeiten, das in der Region auf Tournee gehen wird. In diesem Herbst werden wir bei einem zweiten Workshop die Arbeit vertiefen und gemeinsam ein St\u00fcck erarbeiten. N\u00e4chstes Jahr wird dieses St\u00fcck dann auf Tournee gehen und neuen Tanz in die Heimatd\u00f6rfer der Teilnehmer bringen, die alle in ihrer Region milit\u00e4rischen Konflikten ausgesetzt waren.<\/p>\n<p style=\"text-align: justify;\">Wir sind dankbar, dass das Wissen, das wir w\u00e4hrend unserer Ausbildung und Arbeitserfahrung erhalten haben, einen sinnvollen Weg findet, weitergegeben zu werden. F\u00fcr uns alle war es eine wunderbare Lernerfahrung, die sich nie wie &#8220;Arbeit&#8221; anf\u00fchlte.<\/p>\n<p>[\/vc_column_text][vc_gallery type=&#8221;image_grid&#8221; images=&#8221;726,727,728,729,730,731,732,733,734,735,736,737,738,739,740,741,742,743,744,745,746,747,748,749,750&#8243; img_size=&#8221;300&#215;300&#8243;][\/vc_column][\/vc_row]<\/p>\n","protected":false},"excerpt":{"rendered":"<p>[vc_row full_width=&#8221;stretch_row&#8221; el_id=&#8221;east-project&#8221; el_class=&#8221;east-project&#8221;][vc_column css=&#8221;.vc_custom_1630994249422{padding-top: 0px !important;}&#8221;][vc_custom_heading text=&#8221;Projekt in der Ostukraine&#8221; use_theme_fonts=&#8221;yes&#8221;][vc_column_text css=&#8221;.vc_custom_1631021693428{margin-bottom: 15px !important;}&#8221;] Dieses von artasfoundation initiierte Projekt wird gemeinsam mit dem tanz laboratorium<span class=\"excerpt-hellip\"> [\u2026]<\/span><\/p>\n","protected":false},"author":1,"featured_media":0,"parent":0,"menu_order":0,"comment_status":"closed","ping_status":"closed","template":"","meta":[],"_links":{"self":[{"href":"https:\/\/cie-zeitsprung.ch\/de\/wp-json\/wp\/v2\/pages\/714"}],"collection":[{"href":"https:\/\/cie-zeitsprung.ch\/de\/wp-json\/wp\/v2\/pages"}],"about":[{"href":"https:\/\/cie-zeitsprung.ch\/de\/wp-json\/wp\/v2\/types\/page"}],"author":[{"embeddable":true,"href":"https:\/\/cie-zeitsprung.ch\/de\/wp-json\/wp\/v2\/users\/1"}],"replies":[{"embeddable":true,"href":"https:\/\/cie-zeitsprung.ch\/de\/wp-json\/wp\/v2\/comments?post=714"}],"version-history":[{"count":6,"href":"https:\/\/cie-zeitsprung.ch\/de\/wp-json\/wp\/v2\/pages\/714\/revisions"}],"predecessor-version":[{"id":797,"href":"https:\/\/cie-zeitsprung.ch\/de\/wp-json\/wp\/v2\/pages\/714\/revisions\/797"}],"wp:attachment":[{"href":"https:\/\/cie-zeitsprung.ch\/de\/wp-json\/wp\/v2\/media?parent=714"}],"curies":[{"name":"wp","href":"https:\/\/api.w.org\/{rel}","templated":true}]}}