{"id":681,"date":"2021-07-08T06:34:36","date_gmt":"2021-07-08T06:34:36","guid":{"rendered":"https:\/\/cie-zeitsprung.ch\/de\/?page_id=681"},"modified":"2021-07-12T09:00:38","modified_gmt":"2021-07-12T09:00:38","slug":"total-international-lokal","status":"publish","type":"page","link":"https:\/\/cie-zeitsprung.ch\/de\/total-international-lokal\/","title":{"rendered":"Total International (Lokal)"},"content":{"rendered":"<p>[vc_row][vc_column][vc_video link=&#8221;https:\/\/vimeo.com\/503113575&#8243; align=&#8221;center&#8221;][\/vc_column][\/vc_row][vc_row full_width=&#8221;stretch_row&#8221; el_class=&#8221;wild-einfach&#8221; el_id=&#8221;wild-einfach&#8221;][vc_column][vc_column_text]<\/p>\n<p style=\"text-align: justify;\">Total International (Lokal) ist ein Tanz zwischen Freund*innen, die sich in der Arbeit nie in einem physischen Raum getroffen haben.<\/p>\n<p style=\"text-align: justify;\">Die Performance findet gleichzeitig in D\u00e4nemark und der Schweiz statt, und es sind immer alle Performer*innen anwesend \u2013 jeweils zwei auch physisch. Wie k\u00f6nnen international produzierende K\u00fcnstler*innen aus dem Dilemma herauskommen, dass die eigene Arbeitsweise \u00f6kologisch nicht mehr vertretbar ist? Wie k\u00f6nnen Menschen in 1500 Kilometer Distanz in einem Vorstellungsraum zusammenkommen?<\/p>\n<p style=\"text-align: justify;\">Das St\u00fcck erforscht Antworten auf Fragen, die bereits vor der Corona-Krise h\u00f6chst relevant waren und seither weiter an Brisanz gewonnen haben.<\/p>\n<ul>\n<li><strong>Konzept und Idee:<\/strong> Andreas Liebmann, Boaz Barkan und Cie Zeitsprung: Meret Schlegel und Kilian Haselbeck<\/li>\n<li><strong>Performance:<\/strong> Andreas Liebmann, Boaz Barkan und Cie Zeitsprung: Meret Schlegel und Kilian Haselbeck<\/li>\n<li>K\u00fcnstlerischer Support\u00a0und Endregie Beatrice Fleischlin<\/li>\n<li><strong>K\u00fcnstlerischer Support:<\/strong> Nicole Gabriele Sch\u00f6pfer<\/li>\n<li><strong>Konzept Technik:<\/strong> Claudio Bagno<\/li>\n<li><strong>Musik, Technik:<\/strong> David Nicolas Abad<\/li>\n<li>Dramaturgische Produktionsbegleitung Tanzhaus Z\u00fcrich Simon Froehling<\/li>\n<\/ul>\n<p style=\"text-align: justify;\">Eine Kooperation mit Tanzhaus Z\u00fcrich, Kulturhaus Helferei Z\u00fcrich, F\u00e5r302 Kopenhagen, T\u00e5rnby Park Studio<\/p>\n<p style=\"text-align: justify;\">Gef\u00f6rdert von Stadt Z\u00fcrich, Kanton Z\u00fcrich, Ernst G\u00f6hner Stiftung, Danish Arts Counsel, Wilhelm Hansen Foundation<\/p>\n<p>[\/vc_column_text][vc_row_inner el_class=&#8221;gallery-inner&#8221;][vc_column_inner][vc_gallery type=&#8221;image_grid&#8221; images=&#8221;706,705,704,703,702,701,700,699,698,697,696,695,694,693,692,691,690,689,688,686&#8243; img_size=&#8221;227&#215;151&#8243;][\/vc_column_inner][\/vc_row_inner][\/vc_column][\/vc_row][vc_row disable_element=&#8221;yes&#8221;][vc_column][vc_row_inner][vc_column_inner width=&#8221;1\/4&#8243;][vc_single_image image=&#8221;706&#8243; img_size=&#8221;350&#215;233&#8243; alignment=&#8221;center&#8221; onclick=&#8221;link_image&#8221; css=&#8221;.vc_custom_1625747118057{margin-bottom: 0px !important;}&#8221;][\/vc_column_inner][vc_column_inner width=&#8221;1\/4&#8243;][vc_single_image image=&#8221;705&#8243; img_size=&#8221;350&#215;233&#8243; alignment=&#8221;center&#8221; onclick=&#8221;link_image&#8221; css=&#8221;.vc_custom_1625747126368{margin-bottom: 0px !important;}&#8221;][\/vc_column_inner][vc_column_inner width=&#8221;1\/4&#8243;][vc_single_image image=&#8221;704&#8243; img_size=&#8221;350&#215;233&#8243; alignment=&#8221;center&#8221; onclick=&#8221;link_image&#8221; css=&#8221;.vc_custom_1625747134464{margin-bottom: 0px !important;}&#8221;][\/vc_column_inner][vc_column_inner width=&#8221;1\/4&#8243;][vc_single_image image=&#8221;703&#8243; img_size=&#8221;350&#215;233&#8243; alignment=&#8221;center&#8221; onclick=&#8221;link_image&#8221; css=&#8221;.vc_custom_1625747142329{margin-bottom: 0px !important;}&#8221;][\/vc_column_inner][\/vc_row_inner][vc_row_inner][vc_column_inner width=&#8221;1\/4&#8243;][vc_single_image image=&#8221;702&#8243; img_size=&#8221;350&#215;233&#8243; alignment=&#8221;center&#8221; onclick=&#8221;link_image&#8221; css=&#8221;.vc_custom_1625747151457{margin-bottom: 0px !important;}&#8221;][\/vc_column_inner][vc_column_inner width=&#8221;1\/4&#8243;][vc_single_image image=&#8221;701&#8243; img_size=&#8221;350&#215;233&#8243; alignment=&#8221;center&#8221; onclick=&#8221;link_image&#8221; css=&#8221;.vc_custom_1625747158688{margin-bottom: 0px !important;}&#8221;][\/vc_column_inner][vc_column_inner width=&#8221;1\/4&#8243;][vc_single_image image=&#8221;700&#8243; img_size=&#8221;350&#215;233&#8243; alignment=&#8221;center&#8221; onclick=&#8221;link_image&#8221; css=&#8221;.vc_custom_1625747165855{margin-bottom: 0px !important;}&#8221;][\/vc_column_inner][vc_column_inner width=&#8221;1\/4&#8243;][vc_single_image image=&#8221;699&#8243; img_size=&#8221;350&#215;233&#8243; alignment=&#8221;center&#8221; onclick=&#8221;link_image&#8221; css=&#8221;.vc_custom_1625747178304{margin-bottom: 0px !important;}&#8221;][\/vc_column_inner][\/vc_row_inner][vc_row_inner][vc_column_inner width=&#8221;1\/4&#8243;][vc_single_image image=&#8221;698&#8243; img_size=&#8221;350&#215;233&#8243; alignment=&#8221;center&#8221; onclick=&#8221;link_image&#8221; css=&#8221;.vc_custom_1625747187031{margin-bottom: 0px !important;}&#8221;][\/vc_column_inner][vc_column_inner width=&#8221;1\/4&#8243;][vc_single_image image=&#8221;697&#8243; img_size=&#8221;350&#215;233&#8243; alignment=&#8221;center&#8221; onclick=&#8221;link_image&#8221; css=&#8221;.vc_custom_1625747193990{margin-bottom: 0px !important;}&#8221;][\/vc_column_inner][vc_column_inner width=&#8221;1\/4&#8243;][vc_single_image image=&#8221;696&#8243; img_size=&#8221;350&#215;233&#8243; alignment=&#8221;center&#8221; onclick=&#8221;link_image&#8221; css=&#8221;.vc_custom_1625747201520{margin-bottom: 0px !important;}&#8221;][\/vc_column_inner][vc_column_inner width=&#8221;1\/4&#8243;][vc_single_image image=&#8221;695&#8243; img_size=&#8221;350&#215;233&#8243; alignment=&#8221;center&#8221; onclick=&#8221;link_image&#8221; css=&#8221;.vc_custom_1625747210312{margin-bottom: 0px !important;}&#8221;][\/vc_column_inner][\/vc_row_inner][vc_row_inner][vc_column_inner width=&#8221;1\/4&#8243;][vc_single_image image=&#8221;694&#8243; img_size=&#8221;350&#215;233&#8243; alignment=&#8221;center&#8221; onclick=&#8221;link_image&#8221; css=&#8221;.vc_custom_1625747234634{margin-bottom: 0px !important;}&#8221;][\/vc_column_inner][vc_column_inner width=&#8221;1\/4&#8243;][vc_single_image image=&#8221;693&#8243; img_size=&#8221;350&#215;233&#8243; alignment=&#8221;center&#8221; onclick=&#8221;link_image&#8221; css=&#8221;.vc_custom_1625747241719{margin-bottom: 0px !important;}&#8221;][\/vc_column_inner][vc_column_inner width=&#8221;1\/4&#8243;][vc_single_image image=&#8221;692&#8243; img_size=&#8221;350&#215;233&#8243; alignment=&#8221;center&#8221; onclick=&#8221;link_image&#8221; css=&#8221;.vc_custom_1625747248912{margin-bottom: 0px !important;}&#8221;][\/vc_column_inner][vc_column_inner width=&#8221;1\/4&#8243;][vc_single_image image=&#8221;691&#8243; img_size=&#8221;350&#215;233&#8243; alignment=&#8221;center&#8221; onclick=&#8221;link_image&#8221; css=&#8221;.vc_custom_1625747255792{margin-bottom: 0px !important;}&#8221;][\/vc_column_inner][\/vc_row_inner][vc_row_inner][vc_column_inner width=&#8221;1\/4&#8243;][vc_single_image image=&#8221;690&#8243; img_size=&#8221;350&#215;233&#8243; alignment=&#8221;center&#8221; onclick=&#8221;link_image&#8221; css=&#8221;.vc_custom_1625747263840{margin-bottom: 0px !important;}&#8221;][\/vc_column_inner][vc_column_inner width=&#8221;1\/4&#8243;][vc_single_image image=&#8221;689&#8243; img_size=&#8221;350&#215;233&#8243; alignment=&#8221;center&#8221; onclick=&#8221;link_image&#8221; css=&#8221;.vc_custom_1625747270944{margin-bottom: 0px !important;}&#8221;][\/vc_column_inner][vc_column_inner width=&#8221;1\/4&#8243;][vc_single_image image=&#8221;688&#8243; img_size=&#8221;350&#215;233&#8243; alignment=&#8221;center&#8221; onclick=&#8221;link_image&#8221; css=&#8221;.vc_custom_1625747278711{margin-bottom: 0px !important;}&#8221;][\/vc_column_inner][vc_column_inner width=&#8221;1\/4&#8243;][vc_single_image image=&#8221;686&#8243; img_size=&#8221;350&#215;233&#8243; alignment=&#8221;center&#8221; onclick=&#8221;link_image&#8221; css=&#8221;.vc_custom_1625747285560{margin-bottom: 0px !important;}&#8221;][\/vc_column_inner][\/vc_row_inner][\/vc_column][\/vc_row]<\/p>\n","protected":false},"excerpt":{"rendered":"<p>[vc_row][vc_column][vc_video link=&#8221;https:\/\/vimeo.com\/503113575&#8243; align=&#8221;center&#8221;][\/vc_column][\/vc_row][vc_row full_width=&#8221;stretch_row&#8221; el_class=&#8221;wild-einfach&#8221; el_id=&#8221;wild-einfach&#8221;][vc_column][vc_column_text] Total International (Lokal) ist ein Tanz zwischen Freund*innen, die sich in der Arbeit nie in einem physischen Raum getroffen haben.<span class=\"excerpt-hellip\"> [\u2026]<\/span><\/p>\n","protected":false},"author":1,"featured_media":0,"parent":0,"menu_order":0,"comment_status":"closed","ping_status":"closed","template":"","meta":[],"_links":{"self":[{"href":"https:\/\/cie-zeitsprung.ch\/de\/wp-json\/wp\/v2\/pages\/681"}],"collection":[{"href":"https:\/\/cie-zeitsprung.ch\/de\/wp-json\/wp\/v2\/pages"}],"about":[{"href":"https:\/\/cie-zeitsprung.ch\/de\/wp-json\/wp\/v2\/types\/page"}],"author":[{"embeddable":true,"href":"https:\/\/cie-zeitsprung.ch\/de\/wp-json\/wp\/v2\/users\/1"}],"replies":[{"embeddable":true,"href":"https:\/\/cie-zeitsprung.ch\/de\/wp-json\/wp\/v2\/comments?post=681"}],"version-history":[{"count":5,"href":"https:\/\/cie-zeitsprung.ch\/de\/wp-json\/wp\/v2\/pages\/681\/revisions"}],"predecessor-version":[{"id":710,"href":"https:\/\/cie-zeitsprung.ch\/de\/wp-json\/wp\/v2\/pages\/681\/revisions\/710"}],"wp:attachment":[{"href":"https:\/\/cie-zeitsprung.ch\/de\/wp-json\/wp\/v2\/media?parent=681"}],"curies":[{"name":"wp","href":"https:\/\/api.w.org\/{rel}","templated":true}]}}