{"id":663,"date":"2021-07-08T06:15:26","date_gmt":"2021-07-08T06:15:26","guid":{"rendered":"https:\/\/cie-zeitsprung.ch\/de\/?page_id=663"},"modified":"2021-07-12T09:06:34","modified_gmt":"2021-07-12T09:06:34","slug":"wild-und-einfach-zurich","status":"publish","type":"page","link":"https:\/\/cie-zeitsprung.ch\/de\/wild-und-einfach-zurich\/","title":{"rendered":"Wild und einfach Z\u00fcrich"},"content":{"rendered":"<p>[vc_row full_width=&#8221;stretch_row&#8221; el_class=&#8221;wild-einfach&#8221; el_id=&#8221;wild-einfach&#8221;][vc_column][vc_column_text]<\/p>\n<p style=\"text-align: justify;\">Ein performativer Spaziergang f\u00fcr die neu er\u00f6ffnung vom Tanzhaus Z\u00fcrich mit Cie zeitSprung.<\/p>\n<p style=\"text-align: justify;\">Das wilde urspr\u00fcngliche Z\u00fcrich liegt versteckt und begraben unter der Aufwertung. Doch es lauert nur und wartet, wie ein schlafendes Monster geweckt zu werden. Gemeinsam mit <a href=\"https:\/\/cie-zeitsprung.ch\/\">Cie zeitSprung<\/a> gehen wir dieser wilden Kraft auf die Spur, lassen die Wildnis wieder aufleben und stellen uns auch ein Z\u00fcrich der Zukunft vor.<\/p>\n<p style=\"text-align: justify;\">Die Z\u00fcrcher Compagnie um Meret Schlegel und Kilian Haselbeck l\u00e4dt zu einem historisch bewegten Spaziergang zwischen Tanzhaus Z\u00fcrich und Landesmuseum Z\u00fcrich ein. Erleben Sie zusammen mit den Performer\/innen Z\u00fcrcher Geschichte \u2013 live und direkt. Programmleiter von Einfach Z\u00fcrich, Walter Bersorger, begleitet den Spaziergang mit historischen Reminiszenzen und macht mit uns einen kurzen Abstecher in die Einfach Z\u00fcrich-Ausstellung im Landesmuseum. Kommen Sie mit uns und erleben und sehen Sie Z\u00fcrich mit neuen Augen!<\/p>\n<ul>\n<li><strong>Konzept und Idee:<\/strong> Meret Schlegel, Kilian Haselbeck, Manel Salas Palau<\/li>\n<li><strong>Gespielt durch:<\/strong> Meret Schlegel, Kilian Haselbeck, Manel Salas Palau, Nello Novela<\/li>\n<li><strong>Begleitung:<\/strong> Walter Bersorger (Einfach Z\u00fcrich)<\/li>\n<li><strong>Kooperation:<\/strong> Einfach Z\u00fcrich und Tanzhaus Z\u00fcrich<\/li>\n<\/ul>\n<p>[\/vc_column_text][vc_row_inner el_class=&#8221;gallery-inner&#8221;][vc_column_inner][vc_gallery type=&#8221;image_grid&#8221; images=&#8221;676,675,674,673,672,671,670,669,668,667,666&#8243; img_size=&#8221;227&#215;151&#8243;][\/vc_column_inner][\/vc_row_inner][\/vc_column][\/vc_row][vc_row disable_element=&#8221;yes&#8221;][vc_column][vc_row_inner][vc_column_inner width=&#8221;1\/4&#8243;][vc_single_image image=&#8221;666&#8243; img_size=&#8221;290&#215;200&#8243; alignment=&#8221;center&#8221; onclick=&#8221;link_image&#8221; css=&#8221;.vc_custom_1625724839583{margin-bottom: 0px !important;}&#8221;][\/vc_column_inner][vc_column_inner width=&#8221;1\/4&#8243;][vc_single_image image=&#8221;667&#8243; img_size=&#8221;290&#215;200&#8243; alignment=&#8221;center&#8221; onclick=&#8221;link_image&#8221; css=&#8221;.vc_custom_1625724849603{margin-bottom: 0px !important;}&#8221;][\/vc_column_inner][vc_column_inner width=&#8221;1\/4&#8243;][vc_single_image image=&#8221;668&#8243; img_size=&#8221;290&#215;200&#8243; alignment=&#8221;center&#8221; onclick=&#8221;link_image&#8221; css=&#8221;.vc_custom_1625724856758{margin-bottom: 0px !important;}&#8221;][\/vc_column_inner][vc_column_inner width=&#8221;1\/4&#8243;][vc_single_image image=&#8221;669&#8243; img_size=&#8221;290&#215;200&#8243; alignment=&#8221;center&#8221; onclick=&#8221;link_image&#8221; css=&#8221;.vc_custom_1625724866398{margin-bottom: 0px !important;}&#8221;][\/vc_column_inner][\/vc_row_inner][vc_row_inner][vc_column_inner width=&#8221;1\/4&#8243;][vc_single_image image=&#8221;670&#8243; img_size=&#8221;290&#215;200&#8243; alignment=&#8221;center&#8221; onclick=&#8221;link_image&#8221; css=&#8221;.vc_custom_1625724878525{margin-bottom: 0px !important;}&#8221;][\/vc_column_inner][vc_column_inner width=&#8221;1\/4&#8243;][vc_single_image image=&#8221;671&#8243; img_size=&#8221;290&#215;200&#8243; alignment=&#8221;center&#8221; onclick=&#8221;link_image&#8221; css=&#8221;.vc_custom_1625724886510{margin-bottom: 0px !important;}&#8221;][\/vc_column_inner][vc_column_inner width=&#8221;1\/4&#8243;][vc_single_image image=&#8221;672&#8243; img_size=&#8221;290&#215;200&#8243; alignment=&#8221;center&#8221; onclick=&#8221;link_image&#8221; css=&#8221;.vc_custom_1625724894143{margin-bottom: 0px !important;}&#8221;][\/vc_column_inner][vc_column_inner width=&#8221;1\/4&#8243;][vc_single_image image=&#8221;673&#8243; img_size=&#8221;290&#215;200&#8243; alignment=&#8221;center&#8221; onclick=&#8221;link_image&#8221; css=&#8221;.vc_custom_1625724902126{margin-bottom: 0px !important;}&#8221;][\/vc_column_inner][\/vc_row_inner][vc_row_inner][vc_column_inner width=&#8221;1\/4&#8243;][vc_single_image image=&#8221;674&#8243; img_size=&#8221;290&#215;200&#8243; alignment=&#8221;center&#8221; onclick=&#8221;link_image&#8221; css=&#8221;.vc_custom_1625724909822{margin-bottom: 0px !important;}&#8221;][\/vc_column_inner][vc_column_inner width=&#8221;1\/4&#8243;][vc_single_image image=&#8221;675&#8243; img_size=&#8221;290&#215;200&#8243; alignment=&#8221;center&#8221; onclick=&#8221;link_image&#8221; css=&#8221;.vc_custom_1625724916134{margin-bottom: 0px !important;}&#8221;][\/vc_column_inner][vc_column_inner width=&#8221;1\/4&#8243;][vc_single_image image=&#8221;676&#8243; img_size=&#8221;290&#215;200&#8243; alignment=&#8221;center&#8221; onclick=&#8221;link_image&#8221; css=&#8221;.vc_custom_1625724923358{margin-bottom: 0px !important;}&#8221;][\/vc_column_inner][vc_column_inner width=&#8221;1\/4&#8243;][\/vc_column_inner][\/vc_row_inner][\/vc_column][\/vc_row]<\/p>\n","protected":false},"excerpt":{"rendered":"<p>[vc_row full_width=&#8221;stretch_row&#8221; el_class=&#8221;wild-einfach&#8221; el_id=&#8221;wild-einfach&#8221;][vc_column][vc_column_text] Ein performativer Spaziergang f\u00fcr die neu er\u00f6ffnung vom Tanzhaus Z\u00fcrich mit Cie zeitSprung. Das wilde urspr\u00fcngliche Z\u00fcrich liegt versteckt und begraben unter<span class=\"excerpt-hellip\"> [\u2026]<\/span><\/p>\n","protected":false},"author":2,"featured_media":0,"parent":0,"menu_order":0,"comment_status":"closed","ping_status":"closed","template":"","meta":[],"_links":{"self":[{"href":"https:\/\/cie-zeitsprung.ch\/de\/wp-json\/wp\/v2\/pages\/663"}],"collection":[{"href":"https:\/\/cie-zeitsprung.ch\/de\/wp-json\/wp\/v2\/pages"}],"about":[{"href":"https:\/\/cie-zeitsprung.ch\/de\/wp-json\/wp\/v2\/types\/page"}],"author":[{"embeddable":true,"href":"https:\/\/cie-zeitsprung.ch\/de\/wp-json\/wp\/v2\/users\/2"}],"replies":[{"embeddable":true,"href":"https:\/\/cie-zeitsprung.ch\/de\/wp-json\/wp\/v2\/comments?post=663"}],"version-history":[{"count":6,"href":"https:\/\/cie-zeitsprung.ch\/de\/wp-json\/wp\/v2\/pages\/663\/revisions"}],"predecessor-version":[{"id":712,"href":"https:\/\/cie-zeitsprung.ch\/de\/wp-json\/wp\/v2\/pages\/663\/revisions\/712"}],"wp:attachment":[{"href":"https:\/\/cie-zeitsprung.ch\/de\/wp-json\/wp\/v2\/media?parent=663"}],"curies":[{"name":"wp","href":"https:\/\/api.w.org\/{rel}","templated":true}]}}