{"id":496,"date":"2018-12-14T12:57:37","date_gmt":"2018-12-14T12:57:37","guid":{"rendered":"https:\/\/cie-zeitsprung.ch\/de\/?page_id=496"},"modified":"2022-04-25T06:53:47","modified_gmt":"2022-04-25T06:53:47","slug":"symbiose","status":"publish","type":"page","link":"https:\/\/cie-zeitsprung.ch\/de\/symbiose\/","title":{"rendered":"Symbiose"},"content":{"rendered":"<p>[vc_row][vc_column][vc_video link=&#8221;https:\/\/vimeo.com\/278801839&#8243; css=&#8221;.vc_custom_1559093540446{margin-bottom: 0px !important;}&#8221;][\/vc_column][\/vc_row][vc_row][vc_column][vc_custom_heading text=&#8221;Symbiose&#8221; use_theme_fonts=&#8221;yes&#8221;][vc_column_text]Symbiose ist ein Duett, bei dem Sumitra Keshava und Kilian Haselbeck ihre sehr unterschiedlichen Hintergr\u00fcnde aufeinander treffen lassen. Sie, ausgebildet in klassischem indischem Tempeltanz Bharatanatyam und er, zeitgen\u00f6ssischer T\u00e4nzer, fragen gemeinsam, wie mit dem Unbekannten umzugehen ist, wo Grenzen \u00fcberwunden werden k\u00f6nnen und die eigene Identit\u00e4t bewahrt werden will. Es entsteht ein Brennpunkt von Tradition, Innovation und kultureller Vielfalt.<\/p>\n<p>Konzept und Idee: Sumitra Keshava, Kilian Haselbeck<br \/>\nTanz und Choreographie: Sumitra Keshava, Kilian Haselbeck<br \/>\nDramaturgie: Katharina Germo, Nicole Gabriele Sch\u00f6pfer<br \/>\nLichtdesign: Claudio Bagno<br \/>\nKost\u00fcm: Sumitra Keshava, Kilian Haselbeck<br \/>\nUnterst\u00fctzt von: Migros Kulturprozent Z\u00fcrich, Christoph Merian Stiftung, Abteilung Kultur Basel-Stadt[\/vc_column_text][\/vc_column][\/vc_row][vc_row][vc_column][vc_gallery type=&#8221;image_grid&#8221; images=&#8221;503,504,505,506,507,508,509,510,511,512,513,514,515,516,517,518,519,520,521,522,523&#8243; img_size=&#8221;150&#215;150&#8243;][\/vc_column][\/vc_row]<\/p>\n","protected":false},"excerpt":{"rendered":"<p>[vc_row][vc_column][vc_video link=&#8221;https:\/\/vimeo.com\/278801839&#8243; css=&#8221;.vc_custom_1559093540446{margin-bottom: 0px !important;}&#8221;][\/vc_column][\/vc_row][vc_row][vc_column][vc_custom_heading text=&#8221;Symbiose&#8221; use_theme_fonts=&#8221;yes&#8221;][vc_column_text]Symbiose ist ein Duett, bei dem Sumitra Keshava und Kilian Haselbeck ihre sehr unterschiedlichen Hintergr\u00fcnde aufeinander treffen lassen. Sie, ausgebildet<span class=\"excerpt-hellip\"> [\u2026]<\/span><\/p>\n","protected":false},"author":1,"featured_media":0,"parent":0,"menu_order":0,"comment_status":"closed","ping_status":"closed","template":"","meta":[],"_links":{"self":[{"href":"https:\/\/cie-zeitsprung.ch\/de\/wp-json\/wp\/v2\/pages\/496"}],"collection":[{"href":"https:\/\/cie-zeitsprung.ch\/de\/wp-json\/wp\/v2\/pages"}],"about":[{"href":"https:\/\/cie-zeitsprung.ch\/de\/wp-json\/wp\/v2\/types\/page"}],"author":[{"embeddable":true,"href":"https:\/\/cie-zeitsprung.ch\/de\/wp-json\/wp\/v2\/users\/1"}],"replies":[{"embeddable":true,"href":"https:\/\/cie-zeitsprung.ch\/de\/wp-json\/wp\/v2\/comments?post=496"}],"version-history":[{"count":5,"href":"https:\/\/cie-zeitsprung.ch\/de\/wp-json\/wp\/v2\/pages\/496\/revisions"}],"predecessor-version":[{"id":809,"href":"https:\/\/cie-zeitsprung.ch\/de\/wp-json\/wp\/v2\/pages\/496\/revisions\/809"}],"wp:attachment":[{"href":"https:\/\/cie-zeitsprung.ch\/de\/wp-json\/wp\/v2\/media?parent=496"}],"curies":[{"name":"wp","href":"https:\/\/api.w.org\/{rel}","templated":true}]}}