{"id":397,"date":"2018-06-30T10:24:31","date_gmt":"2018-06-30T10:24:31","guid":{"rendered":"https:\/\/cie-zeitsprung.ch\/de\/?page_id=397"},"modified":"2018-12-12T14:11:09","modified_gmt":"2018-12-12T14:11:09","slug":"human-beatbox","status":"publish","type":"page","link":"https:\/\/cie-zeitsprung.ch\/de\/human-beatbox\/","title":{"rendered":"Human BeatBox"},"content":{"rendered":"<p>[vc_row][vc_column][vc_video link=&#8221;https:\/\/vimeo.com\/222218048&#8243;][\/vc_column][\/vc_row][vc_row][vc_column][vc_custom_heading text=&#8221;Human BeatBox&#8221; font_container=&#8221;tag:h2|text_align:left|color:%23000000&#8243; use_theme_fonts=&#8221;yes&#8221;][vc_column_text]<\/p>\n<p style=\"text-align: justify;\">Stell die vor: Du schlenderst durch die Stadt und pl\u00f6tzlich h\u00f6rst du ein Ger\u00e4usch, einen Klang. Was ist das? Waren das deine Schritte? Oder h\u00e4mmert da jemand? Pl\u00f6tzlich merkst du, dass du mitten in einer Klangsymphonie gelandet bist. Die Ger\u00e4usche und Kl\u00e4nge bauen einen Rhythmus auf, bilden einen Loop, werden zu einem Song, einem Tanz. Gib der Lust zu Tanzen nach!<\/p>\n<ul style=\"text-align: justify;\">\n<li>Konzept und Idee:\u00a0<a href=\"https:\/\/cie-zeitsprung.ch\/artists.html#kilian\">Kilian Haselbeck\u00a0<\/a>und\u00a0<a href=\"https:\/\/cie-zeitsprung.ch\/artists.html#meret\">Meret Schlegel\u00a0<\/a><a href=\"https:\/\/cie-zeitsprung.ch\/artists.html#manel\">Manel Salas Palau\u00a0<\/a><a href=\"https:\/\/cie-zeitsprung.ch\/artists.html#nelson\">Nello Novela<\/a><\/li>\n<li>Musik Nello Novela<\/li>\n<li>Video Milos Savic<\/li>\n<\/ul>\n<p style=\"text-align: justify;\">Danke an Reso und Fete de la danse.<\/p>\n<p>[\/vc_column_text][\/vc_column][\/vc_row][vc_row][vc_column][vc_tta_accordion c_icon=&#8221;&#8221; active_section=&#8221;0&#8243; collapsible_all=&#8221;true&#8221;][vc_tta_section title=&#8221;Vergangene Vorstellungen&#8221; tab_id=&#8221;1530354252589-759e5c64-ce8f&#8221;][vc_column_text]<\/p>\n<table class=\"table m-t-0\">\n<tbody>\n<tr>\n<td>07. Mai 2017<\/td>\n<td>Tanzfest Brig<\/td>\n<\/tr>\n<tr>\n<td>06. Mai 2017<\/td>\n<td>Tanzfest Basel<\/td>\n<\/tr>\n<tr>\n<td>06. Mai 2017<\/td>\n<td>Tanzfest Luzern<\/td>\n<\/tr>\n<tr>\n<td>06. Mai 2017<\/td>\n<td>Tanzfest Fribourg<\/td>\n<\/tr>\n<tr>\n<td>05. Mai 2017<\/td>\n<td>Tanzfest Genf<\/td>\n<\/tr>\n<tr>\n<td>04. Mai 2017<\/td>\n<td>Tanzfest Lausanne<\/td>\n<\/tr>\n<\/tbody>\n<\/table>\n<p>[\/vc_column_text][\/vc_tta_section][\/vc_tta_accordion][\/vc_column][\/vc_row]<\/p>\n","protected":false},"excerpt":{"rendered":"<p>[vc_row][vc_column][vc_video link=&#8221;https:\/\/vimeo.com\/222218048&#8243;][\/vc_column][\/vc_row][vc_row][vc_column][vc_custom_heading text=&#8221;Human BeatBox&#8221; font_container=&#8221;tag:h2|text_align:left|color:%23000000&#8243; use_theme_fonts=&#8221;yes&#8221;][vc_column_text] Stell die vor: Du schlenderst durch die Stadt und pl\u00f6tzlich h\u00f6rst du ein Ger\u00e4usch, einen Klang. Was ist das? Waren<span class=\"excerpt-hellip\"> [\u2026]<\/span><\/p>\n","protected":false},"author":1,"featured_media":0,"parent":0,"menu_order":0,"comment_status":"closed","ping_status":"closed","template":"","meta":[],"_links":{"self":[{"href":"https:\/\/cie-zeitsprung.ch\/de\/wp-json\/wp\/v2\/pages\/397"}],"collection":[{"href":"https:\/\/cie-zeitsprung.ch\/de\/wp-json\/wp\/v2\/pages"}],"about":[{"href":"https:\/\/cie-zeitsprung.ch\/de\/wp-json\/wp\/v2\/types\/page"}],"author":[{"embeddable":true,"href":"https:\/\/cie-zeitsprung.ch\/de\/wp-json\/wp\/v2\/users\/1"}],"replies":[{"embeddable":true,"href":"https:\/\/cie-zeitsprung.ch\/de\/wp-json\/wp\/v2\/comments?post=397"}],"version-history":[{"count":4,"href":"https:\/\/cie-zeitsprung.ch\/de\/wp-json\/wp\/v2\/pages\/397\/revisions"}],"predecessor-version":[{"id":685,"href":"https:\/\/cie-zeitsprung.ch\/de\/wp-json\/wp\/v2\/pages\/397\/revisions\/685"}],"wp:attachment":[{"href":"https:\/\/cie-zeitsprung.ch\/de\/wp-json\/wp\/v2\/media?parent=397"}],"curies":[{"name":"wp","href":"https:\/\/api.w.org\/{rel}","templated":true}]}}