{"id":392,"date":"2018-06-30T10:17:50","date_gmt":"2018-06-30T10:17:50","guid":{"rendered":"https:\/\/cie-zeitsprung.ch\/de\/?page_id=392"},"modified":"2018-06-30T10:20:35","modified_gmt":"2018-06-30T10:20:35","slug":"to-be-or-orthopadie","status":"publish","type":"page","link":"https:\/\/cie-zeitsprung.ch\/de\/to-be-or-orthopadie\/","title":{"rendered":"To Be Or Orthop\u00e4die"},"content":{"rendered":"<p>[vc_row][vc_column][vc_custom_heading text=&#8221;To Be Or Orthop\u00e4die&#8221; font_container=&#8221;tag:h2|text_align:left|color:%23000000&#8243; use_theme_fonts=&#8221;yes&#8221;][vc_column_text]<\/p>\n<p style=\"text-align: justify;\">&#8220;to be or orthop\u00e4die&#8221; ist die Kurzversion (15min) von &#8220;Orthop\u00e4die or to be&#8221;<\/p>\n<p style=\"text-align: justify;\">Zwei Menschen begegnen sich, n\u00e4hern sich an. Was verbindet sie? Wie gehen sie miteinander um? Die eine alt, der andere jung: Was hat das f\u00fcr Konsequenzen f\u00fcr die Begegnung? Fast zwei Generationen liegen zwischen Kilian Haselbeck und Meret Schlegel. Vorsichtig nehmen sie Kontakt auf, kommen sich n\u00e4her und n\u00e4her. Wie weit werden sie gehen? Mit Witz kreist das Duo um solche Fragen und weiss um die Gemeinsamkeiten bei allen Unterschieden.<br \/>\nDas Kurzst\u00fcck war 2013 auf der priority list\u00a0<a href=\"http:\/\/www.aerowaves-springforward.org\/SF2013\/kilianmeret.html\" target=\"_blank\" rel=\"noopener\">aerowaves \/spring forward 13<\/a>\u00a0und auch mit\u00a0<a href=\"http:\/\/www.tanzfaktor.ch\/de\/top\/kuenstler-2013.html\">tanzfaktor\u00a0<\/a>interregio in der Schweiz auf Tournee.<\/p>\n<p>[\/vc_column_text][\/vc_column][\/vc_row]<\/p>\n","protected":false},"excerpt":{"rendered":"<p>[vc_row][vc_column][vc_custom_heading text=&#8221;To Be Or Orthop\u00e4die&#8221; font_container=&#8221;tag:h2|text_align:left|color:%23000000&#8243; use_theme_fonts=&#8221;yes&#8221;][vc_column_text] &#8220;to be or orthop\u00e4die&#8221; ist die Kurzversion (15min) von &#8220;Orthop\u00e4die or to be&#8221; Zwei Menschen begegnen sich, n\u00e4hern sich<span class=\"excerpt-hellip\"> [\u2026]<\/span><\/p>\n","protected":false},"author":1,"featured_media":0,"parent":0,"menu_order":0,"comment_status":"closed","ping_status":"closed","template":"","meta":[],"_links":{"self":[{"href":"https:\/\/cie-zeitsprung.ch\/de\/wp-json\/wp\/v2\/pages\/392"}],"collection":[{"href":"https:\/\/cie-zeitsprung.ch\/de\/wp-json\/wp\/v2\/pages"}],"about":[{"href":"https:\/\/cie-zeitsprung.ch\/de\/wp-json\/wp\/v2\/types\/page"}],"author":[{"embeddable":true,"href":"https:\/\/cie-zeitsprung.ch\/de\/wp-json\/wp\/v2\/users\/1"}],"replies":[{"embeddable":true,"href":"https:\/\/cie-zeitsprung.ch\/de\/wp-json\/wp\/v2\/comments?post=392"}],"version-history":[{"count":3,"href":"https:\/\/cie-zeitsprung.ch\/de\/wp-json\/wp\/v2\/pages\/392\/revisions"}],"predecessor-version":[{"id":395,"href":"https:\/\/cie-zeitsprung.ch\/de\/wp-json\/wp\/v2\/pages\/392\/revisions\/395"}],"wp:attachment":[{"href":"https:\/\/cie-zeitsprung.ch\/de\/wp-json\/wp\/v2\/media?parent=392"}],"curies":[{"name":"wp","href":"https:\/\/api.w.org\/{rel}","templated":true}]}}