{"id":378,"date":"2018-06-30T10:00:53","date_gmt":"2018-06-30T10:00:53","guid":{"rendered":"https:\/\/cie-zeitsprung.ch\/de\/?page_id=378"},"modified":"2022-04-25T06:41:12","modified_gmt":"2022-04-25T06:41:12","slug":"komplizen-reloaded","status":"publish","type":"page","link":"https:\/\/cie-zeitsprung.ch\/de\/komplizen-reloaded\/","title":{"rendered":"Komplizen RELOADED"},"content":{"rendered":"<p>[vc_row][vc_column][vc_video link=&#8221;https:\/\/www.youtube.com\/watch?v=lmAqpPNDeS4&#8243;][\/vc_column][\/vc_row][vc_row][vc_column][vc_custom_heading text=&#8221;Komplizen RELOADED&#8221; font_container=&#8221;tag:h2|text_align:left|color:%23000000&#8243; use_theme_fonts=&#8221;yes&#8221;][vc_column_text]<\/p>\n<p style=\"text-align: justify;\">Unsere Komplizenschaft verb\u00fcndet T\u00e4nzer und Musiker aus Afrika, Asien und Europa. Diese Tatsache widerspiegelt unsere heutige Zeit und deren Umbr\u00fcche. Es ist ein konstanter Kampf ums \u00dcberleben in einer Gemeinschaft, um die Zugeh\u00f6rigkeit und ein St\u00fcck weit auch Geborgenheit. Dazu geh\u00f6ren Z\u00e4rtlichkeit, Liebe, Humor, \u00fcberraschende Wendungen und ganz viel Tanz.<\/p>\n<p>[\/vc_column_text][\/vc_column][\/vc_row][vc_row][vc_column][vc_column_text]<\/p>\n<ul>\n<li style=\"text-align: justify;\">Konzept und Idee:\u00a0<a href=\"https:\/\/cie-zeitsprung.ch\/artists.html#meret\">Meret Schlegel\u00a0<\/a>und\u00a0<a href=\"https:\/\/cie-zeitsprung.ch\/artists.html#kilian\">Kilian Haselbeck<\/a><\/li>\n<li style=\"text-align: justify;\">Choreografie und Tanz Meret Schlegel, Kilian Haselbeck, Kuan Ling Tsai, Manel Salas<\/li>\n<li style=\"text-align: justify;\">Live Musik Nello Novela<\/li>\n<li style=\"text-align: justify;\">Dramaturgie Guy Cools<\/li>\n<li style=\"text-align: justify;\">Oeil exterieur Jessica Huber<\/li>\n<li style=\"text-align: justify;\">Kost\u00fcme Ursina Baur<\/li>\n<li style=\"text-align: justify;\">Licht Claudio Bagno<\/li>\n<li style=\"text-align: justify;\">Produktionsleitung Claudia Toggweiler<\/li>\n<li style=\"text-align: justify;\">Koproduktion Tanzhaus Z\u00fcrich<\/li>\n<\/ul>\n<p style=\"text-align: justify;\">Gef\u00f6rdert durch Stadt Z\u00fcrich Kultur, Fachstelle Kultur Kanton Z\u00fcrich, Migros-Kulturprozent, Stanley Thomas Johnson Stiftung, National Culture and Arts Foundation (Taiwan)<\/p>\n<p>[\/vc_column_text][\/vc_column][\/vc_row][vc_row][vc_column][vc_tta_accordion c_icon=&#8221;&#8221; active_section=&#8221;0&#8243; collapsible_all=&#8221;true&#8221;][vc_tta_section title=&#8221;Spieldaten&#8221; tab_id=&#8221;1530353061167-364f8dd1-737e&#8221;][vc_column_text]11. Jan 2018Theater Roxy Basel<a class=\"btn btn-primary\" href=\"http:\/\/www.theater-roxy.ch\/ticket\/index.php?spieldatum_id=594\" target=\"_blank\" rel=\"noopener\">Info \/ Tickets<\/a><\/p>\n<p>12. Jan 2018Theater Roxy Basel<a class=\"btn btn-primary\" href=\"http:\/\/www.theater-roxy.ch\/ticket\/index.php?spieldatum_id=595\" target=\"_blank\" rel=\"noopener\">Info \/ Tickets<\/a>[\/vc_column_text][\/vc_tta_section][\/vc_tta_accordion][\/vc_column][\/vc_row][vc_row][vc_column][vc_tta_accordion c_icon=&#8221;&#8221; active_section=&#8221;0&#8243; collapsible_all=&#8221;true&#8221;][vc_tta_section title=&#8221;Vergangene Vorstellungen&#8221; tab_id=&#8221;1530353160521-42247fdb-cf04&#8243;][vc_column_text]<\/p>\n<table class=\"table m-t-0\">\n<tbody>\n<tr>\n<td>25. Nov 2017<\/td>\n<td>Shanghai International Dance Center<\/td>\n<\/tr>\n<tr>\n<td>24. Nov 2017<\/td>\n<td>Shanghai International Dance Center<\/td>\n<\/tr>\n<tr>\n<td>14. Nov 2017<\/td>\n<td>En Theater, Nanjing China<\/td>\n<\/tr>\n<tr>\n<td>11. Nov 2017<\/td>\n<td>Hong Kong Art Center<\/td>\n<\/tr>\n<tr>\n<td>10. Nov 2017<\/td>\n<td>Hong Kong Art Center<\/td>\n<\/tr>\n<tr>\n<td>12. Okt 2017<\/td>\n<td>Kuandu Arts festival Taipei<\/td>\n<\/tr>\n<tr>\n<td>11. Okt 2017<\/td>\n<td>Kuandu Arts festival Taipei<\/td>\n<\/tr>\n<tr>\n<td>20. Mai 2017<\/td>\n<td>Cinevox Theater Neuhausen<\/td>\n<\/tr>\n<tr>\n<td>05. Mai 2017<\/td>\n<td>Tanzfest Fribourg<\/td>\n<\/tr>\n<tr>\n<td id=\"2016\">25. Nov 2016<\/td>\n<td>Tanzhaus Z\u00fcrich<\/td>\n<\/tr>\n<tr>\n<td>26. Nov 2016<\/td>\n<td>Tanzhaus Z\u00fcrich<\/td>\n<\/tr>\n<tr>\n<td>27. Nov 2016<\/td>\n<td>Tanzhaus Z\u00fcrich<\/td>\n<\/tr>\n<\/tbody>\n<\/table>\n<p>[\/vc_column_text][\/vc_tta_section][\/vc_tta_accordion][\/vc_column][\/vc_row][vc_row][vc_column width=&#8221;1\/4&#8243;][vc_single_image image=&#8221;388&#8243; img_size=&#8221;full&#8221; onclick=&#8221;img_link_large&#8221;][\/vc_column][vc_column width=&#8221;1\/4&#8243;][vc_single_image image=&#8221;387&#8243; img_size=&#8221;full&#8221; onclick=&#8221;img_link_large&#8221;][\/vc_column][vc_column width=&#8221;1\/4&#8243;][vc_single_image image=&#8221;386&#8243; img_size=&#8221;full&#8221; onclick=&#8221;img_link_large&#8221;][\/vc_column][vc_column width=&#8221;1\/4&#8243;][vc_single_image image=&#8221;385&#8243; img_size=&#8221;full&#8221; onclick=&#8221;img_link_large&#8221;][\/vc_column][\/vc_row][vc_row][vc_column width=&#8221;1\/4&#8243;][vc_single_image image=&#8221;384&#8243; img_size=&#8221;full&#8221; onclick=&#8221;img_link_large&#8221;][\/vc_column][vc_column width=&#8221;1\/4&#8243;][vc_single_image image=&#8221;383&#8243; img_size=&#8221;full&#8221; onclick=&#8221;img_link_large&#8221;][\/vc_column][vc_column width=&#8221;1\/4&#8243;][vc_single_image image=&#8221;382&#8243; img_size=&#8221;full&#8221; onclick=&#8221;img_link_large&#8221;][\/vc_column][vc_column width=&#8221;1\/4&#8243;][vc_single_image image=&#8221;381&#8243; img_size=&#8221;full&#8221; onclick=&#8221;img_link_large&#8221;][\/vc_column][\/vc_row]<\/p>\n","protected":false},"excerpt":{"rendered":"<p>[vc_row][vc_column][vc_video link=&#8221;https:\/\/www.youtube.com\/watch?v=lmAqpPNDeS4&#8243;][\/vc_column][\/vc_row][vc_row][vc_column][vc_custom_heading text=&#8221;Komplizen RELOADED&#8221; font_container=&#8221;tag:h2|text_align:left|color:%23000000&#8243; use_theme_fonts=&#8221;yes&#8221;][vc_column_text] Unsere Komplizenschaft verb\u00fcndet T\u00e4nzer und Musiker aus Afrika, Asien und Europa. Diese Tatsache widerspiegelt unsere heutige Zeit und deren Umbr\u00fcche.<span class=\"excerpt-hellip\"> [\u2026]<\/span><\/p>\n","protected":false},"author":1,"featured_media":0,"parent":0,"menu_order":0,"comment_status":"closed","ping_status":"closed","template":"","meta":[],"_links":{"self":[{"href":"https:\/\/cie-zeitsprung.ch\/de\/wp-json\/wp\/v2\/pages\/378"}],"collection":[{"href":"https:\/\/cie-zeitsprung.ch\/de\/wp-json\/wp\/v2\/pages"}],"about":[{"href":"https:\/\/cie-zeitsprung.ch\/de\/wp-json\/wp\/v2\/types\/page"}],"author":[{"embeddable":true,"href":"https:\/\/cie-zeitsprung.ch\/de\/wp-json\/wp\/v2\/users\/1"}],"replies":[{"embeddable":true,"href":"https:\/\/cie-zeitsprung.ch\/de\/wp-json\/wp\/v2\/comments?post=378"}],"version-history":[{"count":5,"href":"https:\/\/cie-zeitsprung.ch\/de\/wp-json\/wp\/v2\/pages\/378\/revisions"}],"predecessor-version":[{"id":806,"href":"https:\/\/cie-zeitsprung.ch\/de\/wp-json\/wp\/v2\/pages\/378\/revisions\/806"}],"wp:attachment":[{"href":"https:\/\/cie-zeitsprung.ch\/de\/wp-json\/wp\/v2\/media?parent=378"}],"curies":[{"name":"wp","href":"https:\/\/api.w.org\/{rel}","templated":true}]}}