{"id":374,"date":"2018-06-30T09:46:48","date_gmt":"2018-06-30T09:46:48","guid":{"rendered":"https:\/\/cie-zeitsprung.ch\/de\/?page_id=374"},"modified":"2022-04-25T06:46:05","modified_gmt":"2022-04-25T06:46:05","slug":"komplizen","status":"publish","type":"page","link":"https:\/\/cie-zeitsprung.ch\/de\/komplizen\/","title":{"rendered":"Komplizen"},"content":{"rendered":"<p>[vc_row][vc_column][vc_custom_heading text=&#8221;Komplizen&#8221; font_container=&#8221;tag:h2|text_align:left|color:%23000000&#8243; use_theme_fonts=&#8221;yes&#8221;][vc_column_text]<\/p>\n<p style=\"text-align: justify;\">Das Gruppenst\u00fcck der Cie zeitSprung (Meret Schlegel &amp; Kilian Haselbeck) untersucht die Frage, wie eine Gemeinschaft von Menschen entsteht und wie gemeinsame Ziele definiert werden. Und sie merken \u2013 es macht keinen so grossen Unterschied, ob man zusammen ein Tanztheater entwickelt oder eine Bank ausraubt. Die drei jungen T\u00e4nzer und T\u00e4nzerinnen, die \u00e4ltere T\u00e4nzerin und der Musiker bilden eine verschworene Bande, mit und gegen das Publikum.<\/p>\n<p style=\"text-align: justify;\">Sie raufen sich im wahrsten Sinne zusammen &#8211; mit Ziehen und Zerren, Arschtritten und Machtgesten &#8211; und ganz viel Humor. Da werden einzelne Mitglieder aus- und eingeschlossen, Meret wie eine kostbare Mingvase in einem Buster Keaton Film herumgeschleudert, es wird \u201egebeatboxt\u201c und gepr\u00fcgelt.<\/p>\n<p style=\"text-align: justify;\">Meret Schlegel, die \u00e4ltere T\u00e4nzerin, steht als Geist, Gastgeberin und Gangleaderin im Zentrum eines Abends voller energiegeladener Jugendlichkeit, trockenem Humor und l\u00e4ssiger Coolness. Dieser Mix aus Elementen des Slapsticks, des Stummfilms und der lustvoll zelebrierten Panne, ermuntert die Zuschauer und Zuschauerinnen, sich Komplizen zu suchen eine eigene Gang zu gr\u00fcnden.<\/p>\n<p>[\/vc_column_text][\/vc_column][\/vc_row][vc_row][vc_column][vc_custom_heading text=&#8221;\u2026 die Komplizen tanzen weiter bis sie geschnappt werden!&#8221; font_container=&#8221;tag:h4|text_align:left|color:%23000000&#8243; use_theme_fonts=&#8221;yes&#8221;][vc_column_text]<\/p>\n<ul>\n<li style=\"text-align: justify;\">Konzept und Idee:\u00a0<a href=\"https:\/\/cie-zeitsprung.ch\/artists.html#kilian\">Kilian Haselbeck\u00a0<\/a>und\u00a0<a href=\"https:\/\/cie-zeitsprung.ch\/artists.html#meret\">Meret Schlegel<\/a><\/li>\n<li style=\"text-align: justify;\">Choreografie Kilian Haselbeck und Komplizen<\/li>\n<li style=\"text-align: justify;\">Mit Kilian Haselbeck, Meret Schlegel, Kuan Ling Tsai, Manel Salas<\/li>\n<li style=\"text-align: justify;\">Live Musik Nello Novela<\/li>\n<li style=\"text-align: justify;\">Dramaturgie Andreas Storm<\/li>\n<li style=\"text-align: justify;\">Kost\u00fcme Nic Tillein<\/li>\n<li style=\"text-align: justify;\">Licht David Baumgartner<\/li>\n<li style=\"text-align: justify;\">Produktionsleitung Miriam Haltiner<\/li>\n<li style=\"text-align: justify;\">Koproduktion: Tanzhaus Z\u00fcrich<\/li>\n<\/ul>\n<p style=\"text-align: justify;\">Gef\u00f6rdert durch Stadt Z\u00fcrich Kultur, Fachstelle Kultur Kanton Z\u00fcrich, Ernst G\u00f6hner Stiftung, Sophie und Karl Binding Stiftung, Georges und Jenny Bloch Stiftung, Migros Kulturprozent<\/p>\n<p>[\/vc_column_text][\/vc_column][\/vc_row][vc_row][vc_column width=&#8221;1\/2&#8243;][vc_video link=&#8221;https:\/\/www.youtube.com\/watch?v=paSJiOgxHKo&#8221;][\/vc_column][vc_column width=&#8221;1\/2&#8243;][vc_video link=&#8221;https:\/\/vimeo.com\/141758793&#8243;][\/vc_column][\/vc_row][vc_row][vc_column][vc_custom_heading text=&#8221;Spieldaten&#8221; font_container=&#8221;tag:h2|text_align:left|color:%23000000&#8243; use_theme_fonts=&#8221;yes&#8221;][vc_tta_accordion c_icon=&#8221;&#8221; active_section=&#8221;0&#8243; collapsible_all=&#8221;true&#8221;][vc_tta_section title=&#8221;Vergangene Vorstellungen&#8221; tab_id=&#8221;1530352410772-e68e3fe8-c898&#8243;][vc_column_text]<\/p>\n<table class=\"table m-t-0\">\n<tbody>\n<tr>\n<td>23.Juli 2016<\/td>\n<td>TianQiao Art Center Beijing Dance Festival, China<\/td>\n<\/tr>\n<tr>\n<td>21. April 2015<\/td>\n<td>Z\u00fcrich Tanzhaus<\/td>\n<\/tr>\n<tr>\n<td>20. April 2015<\/td>\n<td>Z\u00fcrich Tanzhaus<\/td>\n<\/tr>\n<tr>\n<td>19. April 2015<\/td>\n<td>Z\u00fcrich Tanzhaus<\/td>\n<\/tr>\n<tr>\n<td>18. April 2015<\/td>\n<td>Z\u00fcrich Tanzhaus<\/td>\n<\/tr>\n<tr>\n<td>16. April 2015<\/td>\n<td>Z\u00fcrich Tanzhaus<\/td>\n<\/tr>\n<\/tbody>\n<\/table>\n<p>[\/vc_column_text][\/vc_tta_section][\/vc_tta_accordion][\/vc_column][\/vc_row][vc_row][vc_column width=&#8221;1\/4&#8243;][vc_single_image image=&#8221;179&#8243; img_size=&#8221;full&#8221; onclick=&#8221;img_link_large&#8221;][\/vc_column][vc_column width=&#8221;1\/4&#8243;][vc_single_image image=&#8221;183&#8243; img_size=&#8221;full&#8221; onclick=&#8221;img_link_large&#8221;][\/vc_column][vc_column width=&#8221;1\/4&#8243;][vc_single_image image=&#8221;180&#8243; img_size=&#8221;full&#8221; onclick=&#8221;img_link_large&#8221;][\/vc_column][vc_column width=&#8221;1\/4&#8243;][vc_single_image image=&#8221;182&#8243; img_size=&#8221;full&#8221; onclick=&#8221;img_link_large&#8221;][\/vc_column][\/vc_row][vc_row][vc_column width=&#8221;1\/4&#8243;][vc_single_image image=&#8221;184&#8243; img_size=&#8221;full&#8221; onclick=&#8221;img_link_large&#8221;][\/vc_column][vc_column width=&#8221;1\/4&#8243;][vc_single_image image=&#8221;181&#8243; img_size=&#8221;full&#8221; onclick=&#8221;img_link_large&#8221;][\/vc_column][vc_column width=&#8221;1\/4&#8243;][vc_single_image image=&#8221;185&#8243; img_size=&#8221;full&#8221; onclick=&#8221;img_link_large&#8221;][\/vc_column][vc_column width=&#8221;1\/4&#8243;][vc_single_image image=&#8221;186&#8243; img_size=&#8221;full&#8221; onclick=&#8221;img_link_large&#8221;][\/vc_column][\/vc_row]<\/p>\n","protected":false},"excerpt":{"rendered":"<p>[vc_row][vc_column][vc_custom_heading text=&#8221;Komplizen&#8221; font_container=&#8221;tag:h2|text_align:left|color:%23000000&#8243; use_theme_fonts=&#8221;yes&#8221;][vc_column_text] Das Gruppenst\u00fcck der Cie zeitSprung (Meret Schlegel &amp; Kilian Haselbeck) untersucht die Frage, wie eine Gemeinschaft von Menschen entsteht und wie gemeinsame<span class=\"excerpt-hellip\"> [\u2026]<\/span><\/p>\n","protected":false},"author":1,"featured_media":0,"parent":0,"menu_order":0,"comment_status":"closed","ping_status":"closed","template":"","meta":[],"_links":{"self":[{"href":"https:\/\/cie-zeitsprung.ch\/de\/wp-json\/wp\/v2\/pages\/374"}],"collection":[{"href":"https:\/\/cie-zeitsprung.ch\/de\/wp-json\/wp\/v2\/pages"}],"about":[{"href":"https:\/\/cie-zeitsprung.ch\/de\/wp-json\/wp\/v2\/types\/page"}],"author":[{"embeddable":true,"href":"https:\/\/cie-zeitsprung.ch\/de\/wp-json\/wp\/v2\/users\/1"}],"replies":[{"embeddable":true,"href":"https:\/\/cie-zeitsprung.ch\/de\/wp-json\/wp\/v2\/comments?post=374"}],"version-history":[{"count":4,"href":"https:\/\/cie-zeitsprung.ch\/de\/wp-json\/wp\/v2\/pages\/374\/revisions"}],"predecessor-version":[{"id":808,"href":"https:\/\/cie-zeitsprung.ch\/de\/wp-json\/wp\/v2\/pages\/374\/revisions\/808"}],"wp:attachment":[{"href":"https:\/\/cie-zeitsprung.ch\/de\/wp-json\/wp\/v2\/media?parent=374"}],"curies":[{"name":"wp","href":"https:\/\/api.w.org\/{rel}","templated":true}]}}